{"id":9772,"date":"2025-06-07T09:52:04","date_gmt":"2025-06-07T07:52:04","guid":{"rendered":"https:\/\/lantestina.lifty.agency\/?post_type=product&#038;p=9772"},"modified":"2026-01-23T16:41:54","modified_gmt":"2026-01-23T15:41:54","slug":"routine-bundle-travel-minis","status":"publish","type":"product","link":"https:\/\/www.lantestina.com\/hr\/proizvod\/routine-bundle-travel-minis\/","title":{"rendered":"Routine-Bundle Travel Minis"},"content":{"rendered":"","protected":false},"excerpt":{"rendered":"<p>Ukoliko \u017eelite isprobati Lantestina proizvode prije kupnje \u201efull-size\u201c pakiranja, ovaj bundle je idealan na\u010din da ih osjetite na svojoj ko\u017ei \u2013 teksturu, miris i u\u010dinak. Svi proizvodi dolaze u prakti\u010dnim mini pakiranjima pogodnima i za putovanja.<\/p>\n<p>\u2022 <em>PureMelt Radiance Balm<\/em> (5 mL)<br \/>\nSpoj laganih ulja u balzamu koji u kombinaciji s vodom otapa ne\u010disto\u0107e i \u0161minku, ostavljaju\u0107i ko\u017eu glatkom, nahranjenom i osvje\u017eenom.<br \/>\nKlju\u010dni sastojci: ulje ko\u0161tica marelice, ulje lje\u0161njaka, ulje sjemenki jabuke<\/p>\n<p>\u2022<em> Floral Renewal Essence<\/em> (4 mL)<br \/>\nHidratantna esencija oboga\u0107ena biljnom ina\u010dicom hijaluronske kiseline, prebioticima i 8 biljnih esktrakta za uravnote\u017eeni i revitaliziraju\u0107i ten.<br \/>\nKlju\u010dni sastojci: ekstrakt ljekovite krvare, Tremella fuciformis, hidrolat ru\u017ee, Lactobacillus ferment lysate<\/p>\n<p>\u2022 <em>Complexion Bliss Cream<\/em> (5 mL)<br \/>\nHidratantna hranjiva krema oboga\u0107ena hijaluronskom kiselinom na biljnoj bazi i hladno-pre\u0161anim uljima sjemenki za zdravi sjaj ko\u017ee.<br \/>\nKlju\u010dni sastojci: ekstrakt ljekovite krvare, Tremella fuciformis, ulje maka, ulje sjemenki maline, ulje ko\u0161tica marelice, ulje lje\u0161njaka<\/p>\n<p>\u2022 <em>FlutterSoft Elixir<\/em> (2 mL)<br \/>\nSpoj hladno-pre\u0161anih, brzo apsorbiraju\u0107ih ulja za zavr\u0161ni korak njege i za\u0161tite ko\u017ee.<br \/>\nKlju\u010dni sastojci: ulje sjemenki \u0161ljive, ulje maka, ulje ko\u0161tica marelice, ulje lje\u0161njaka, ulje divlje ru\u017ee, ulje sjemenki jabuke<\/p>\n<p>Paket sadr\u017ei sve potrebno za klju\u010dne korake \u2013 \u010di\u0161\u0107enje, hidrataciju i njegu te omogu\u0107uje potpun do\u017eivljaj Lantestina rutine.<\/p>\n","protected":false},"featured_media":11903,"comment_status":"closed","ping_status":"closed","template":"","meta":{"_kad_blocks_custom_css":"","_kad_blocks_head_custom_js":"","_kad_blocks_body_custom_js":"","_kad_blocks_footer_custom_js":"","_kadence_starter_templates_imported_post":false,"_kad_post_transparent":"default","_kad_post_title":"","_kad_post_layout":"default","_kad_post_sidebar_id":"","_kad_post_content_style":"default","_kad_post_vertical_padding":"default","_kad_post_feature":"","_kad_post_feature_position":"","_kad_post_header":false,"_kad_post_footer":false,"_kad_post_classname":"","iawp_total_views":605},"product_brand":[],"product_cat":[85],"product_tag":[],"class_list":{"0":"post-9772","1":"product","2":"type-product","3":"status-publish","4":"has-post-thumbnail","6":"product_cat-bundle","8":"first","9":"instock","10":"taxable","11":"shipping-taxable","12":"purchasable","13":"product-type-simple","14":"entry","15":"content-bg","16":"loop-entry"},"taxonomy_info":{"product_cat":[{"value":85,"label":"Bundle"}]},"featured_image_src_large":["https:\/\/www.lantestina.com\/wp-content\/uploads\/Lantestina-Routine-Bundle-Travel-Minis-1024x683.jpg",1024,683,true],"author_info":[],"comment_info":3,"_links":{"self":[{"href":"https:\/\/www.lantestina.com\/hr\/wp-json\/wp\/v2\/product\/9772","targetHints":{"allow":["GET"]}}],"collection":[{"href":"https:\/\/www.lantestina.com\/hr\/wp-json\/wp\/v2\/product"}],"about":[{"href":"https:\/\/www.lantestina.com\/hr\/wp-json\/wp\/v2\/types\/product"}],"replies":[{"embeddable":true,"href":"https:\/\/www.lantestina.com\/hr\/wp-json\/wp\/v2\/comments?post=9772"}],"wp:featuredmedia":[{"embeddable":true,"href":"https:\/\/www.lantestina.com\/hr\/wp-json\/wp\/v2\/media\/11903"}],"wp:attachment":[{"href":"https:\/\/www.lantestina.com\/hr\/wp-json\/wp\/v2\/media?parent=9772"}],"wp:term":[{"taxonomy":"product_brand","embeddable":true,"href":"https:\/\/www.lantestina.com\/hr\/wp-json\/wp\/v2\/product_brand?post=9772"},{"taxonomy":"product_cat","embeddable":true,"href":"https:\/\/www.lantestina.com\/hr\/wp-json\/wp\/v2\/product_cat?post=9772"},{"taxonomy":"product_tag","embeddable":true,"href":"https:\/\/www.lantestina.com\/hr\/wp-json\/wp\/v2\/product_tag?post=9772"}],"curies":[{"name":"wp","href":"https:\/\/api.w.org\/{rel}","templated":true}]}}