{"id":3105,"date":"2025-03-01T10:26:54","date_gmt":"2025-03-01T09:26:54","guid":{"rendered":"https:\/\/lantestina.lifty.agency\/product\/flutter-soft-elixir\/"},"modified":"2026-01-23T17:59:19","modified_gmt":"2026-01-23T16:59:19","slug":"flutter-soft-elixir","status":"publish","type":"product","link":"https:\/\/www.lantestina.com\/hr\/proizvod\/flutter-soft-elixir\/","title":{"rendered":"FlutterSoft Elixir"},"content":{"rendered":"","protected":false},"excerpt":{"rendered":"<p>Spoj hladno-pre\u0161anih, brzo apsorbiraju\u0107ih ulja za zavr\u0161ni korak njege i za\u0161tite ko\u017ee.<\/p>\n","protected":false},"featured_media":9097,"comment_status":"closed","ping_status":"closed","template":"","meta":{"_kad_blocks_custom_css":"","_kad_blocks_head_custom_js":"","_kad_blocks_body_custom_js":"","_kad_blocks_footer_custom_js":"","_kadence_starter_templates_imported_post":false,"_kad_post_transparent":"default","_kad_post_title":"","_kad_post_layout":"default","_kad_post_sidebar_id":"","_kad_post_content_style":"default","_kad_post_vertical_padding":"default","_kad_post_feature":"","_kad_post_feature_position":"","_kad_post_header":false,"_kad_post_footer":false,"_kad_post_classname":"","iawp_total_views":409},"product_brand":[],"product_cat":[65],"product_tag":[],"class_list":{"0":"post-3105","1":"product","2":"type-product","3":"status-publish","4":"has-post-thumbnail","6":"product_cat-eliksir","8":"first","9":"instock","10":"taxable","11":"shipping-taxable","12":"purchasable","13":"product-type-simple","14":"entry","15":"content-bg","16":"loop-entry"},"taxonomy_info":{"product_cat":[{"value":65,"label":"Eliksir"}]},"featured_image_src_large":["https:\/\/www.lantestina.com\/wp-content\/uploads\/LANTESTINA-FlutterSoft-Elixir-1-1024x683.jpg",1024,683,true],"author_info":[],"comment_info":3,"_links":{"self":[{"href":"https:\/\/www.lantestina.com\/hr\/wp-json\/wp\/v2\/product\/3105","targetHints":{"allow":["GET"]}}],"collection":[{"href":"https:\/\/www.lantestina.com\/hr\/wp-json\/wp\/v2\/product"}],"about":[{"href":"https:\/\/www.lantestina.com\/hr\/wp-json\/wp\/v2\/types\/product"}],"replies":[{"embeddable":true,"href":"https:\/\/www.lantestina.com\/hr\/wp-json\/wp\/v2\/comments?post=3105"}],"wp:featuredmedia":[{"embeddable":true,"href":"https:\/\/www.lantestina.com\/hr\/wp-json\/wp\/v2\/media\/9097"}],"wp:attachment":[{"href":"https:\/\/www.lantestina.com\/hr\/wp-json\/wp\/v2\/media?parent=3105"}],"wp:term":[{"taxonomy":"product_brand","embeddable":true,"href":"https:\/\/www.lantestina.com\/hr\/wp-json\/wp\/v2\/product_brand?post=3105"},{"taxonomy":"product_cat","embeddable":true,"href":"https:\/\/www.lantestina.com\/hr\/wp-json\/wp\/v2\/product_cat?post=3105"},{"taxonomy":"product_tag","embeddable":true,"href":"https:\/\/www.lantestina.com\/hr\/wp-json\/wp\/v2\/product_tag?post=3105"}],"curies":[{"name":"wp","href":"https:\/\/api.w.org\/{rel}","templated":true}]}}