{"id":11097,"date":"2025-12-01T15:42:14","date_gmt":"2025-12-01T14:42:14","guid":{"rendered":"https:\/\/www.lantestina.com\/?post_type=product&#038;p=11097"},"modified":"2026-01-23T16:36:48","modified_gmt":"2026-01-23T15:36:48","slug":"kreirajte-svoju-poklon-kutiju-odaberite-proizvode","status":"publish","type":"product","link":"https:\/\/www.lantestina.com\/hr\/proizvod\/kreirajte-svoju-poklon-kutiju-odaberite-proizvode\/","title":{"rendered":"Kreirajte svoju poklon kutiju (odaberite proizvode)"},"content":{"rendered":"","protected":false},"excerpt":{"rendered":"<p data-start=\"167\" data-end=\"450\">Odaberite <strong>dva do \u010detiri razli\u010dita proizvoda<\/strong> iz na\u0161e kolekcije. Zamotat \u0107emo ih u prekrasnu ru\u010dno izra\u0111enu kutiju sa satenskom vrpcom, spremnu da nekome zaista uljep\u0161a dan &#8211; bilo da je rije\u010d o blagdanskom daru, ro\u0111endanu ili jednostavnom iznena\u0111enju tipa \u201cmislim sam na tebe\u201d.<\/p>\n<p data-start=\"452\" data-end=\"547\">Vi odaberete proizvode. Mi ih pretvorimo u prekrasan poklon. Va\u0161i voljeni \u0107e biti odu\u0161evljeni.<\/p>\n<p>Kako to funkcionira:<\/p>\n<p>1. Izaberite svoju omiljenu kombinaciju<br data-start=\"464\" data-end=\"467\" \/>Odaberite proizvode za svoju poklon kutiju (dva do \u010detiri razli\u010dita):<br data-start=\"758\" data-end=\"761\" \/><em>\u25cf PureMelt Radiance Balm<\/em><br \/>\n<em>\u25cf Floral Renewal Essence<\/em><br \/>\n<em>\u25cf Complexion Bliss Cream<\/em><br \/>\n<em>\u25cf FlutterSoft Elixir<\/em><\/p>\n<p>2. Mi pakiramo i \u0161aljemo poklon u Va\u0161e ime<br \/>\nVa\u0161 odabir smje\u0161tamo u premium mat kutiju s prilago\u0111enim umetcima, vezanu satenskom vrpcom, i \u0161aljemo je izravno sretnom primatelju (ili Vama).<\/p>\n","protected":false},"featured_media":11413,"comment_status":"closed","ping_status":"closed","template":"","meta":{"_kad_blocks_custom_css":"","_kad_blocks_head_custom_js":"","_kad_blocks_body_custom_js":"","_kad_blocks_footer_custom_js":"","_kadence_starter_templates_imported_post":false,"_kad_post_transparent":"default","_kad_post_title":"","_kad_post_layout":"default","_kad_post_sidebar_id":"","_kad_post_content_style":"default","_kad_post_vertical_padding":"default","_kad_post_feature":"","_kad_post_feature_position":"","_kad_post_header":false,"_kad_post_footer":false,"_kad_post_classname":"","iawp_total_views":394},"product_brand":[],"product_cat":[85],"product_tag":[],"class_list":{"0":"post-11097","1":"product","2":"type-product","3":"status-publish","4":"has-post-thumbnail","6":"product_cat-bundle","8":"first","9":"instock","10":"taxable","11":"shipping-taxable","12":"purchasable","13":"product-type-easy_product_bundle","14":"entry","15":"content-bg","16":"loop-entry"},"taxonomy_info":{"product_cat":[{"value":85,"label":"Bundle"}]},"featured_image_src_large":["https:\/\/www.lantestina.com\/wp-content\/uploads\/Lantestina-Gift-Box-Holidays-Winter-Web-2-e1769182601630-1024x699.jpg",1024,699,true],"author_info":[],"comment_info":3,"_links":{"self":[{"href":"https:\/\/www.lantestina.com\/hr\/wp-json\/wp\/v2\/product\/11097","targetHints":{"allow":["GET"]}}],"collection":[{"href":"https:\/\/www.lantestina.com\/hr\/wp-json\/wp\/v2\/product"}],"about":[{"href":"https:\/\/www.lantestina.com\/hr\/wp-json\/wp\/v2\/types\/product"}],"replies":[{"embeddable":true,"href":"https:\/\/www.lantestina.com\/hr\/wp-json\/wp\/v2\/comments?post=11097"}],"wp:featuredmedia":[{"embeddable":true,"href":"https:\/\/www.lantestina.com\/hr\/wp-json\/wp\/v2\/media\/11413"}],"wp:attachment":[{"href":"https:\/\/www.lantestina.com\/hr\/wp-json\/wp\/v2\/media?parent=11097"}],"wp:term":[{"taxonomy":"product_brand","embeddable":true,"href":"https:\/\/www.lantestina.com\/hr\/wp-json\/wp\/v2\/product_brand?post=11097"},{"taxonomy":"product_cat","embeddable":true,"href":"https:\/\/www.lantestina.com\/hr\/wp-json\/wp\/v2\/product_cat?post=11097"},{"taxonomy":"product_tag","embeddable":true,"href":"https:\/\/www.lantestina.com\/hr\/wp-json\/wp\/v2\/product_tag?post=11097"}],"curies":[{"name":"wp","href":"https:\/\/api.w.org\/{rel}","templated":true}]}}