{"id":7317,"date":"2024-10-26T13:09:33","date_gmt":"2024-10-26T11:09:33","guid":{"rendered":"https:\/\/lantestina.lifty.agency\/legal-notice\/"},"modified":"2025-06-09T08:46:47","modified_gmt":"2025-06-09T06:46:47","slug":"impresum","status":"publish","type":"page","link":"https:\/\/www.lantestina.com\/hr\/impresum\/","title":{"rendered":"Impresum"},"content":{"rendered":"<style>.kb-row-layout-id7317_2b2fa2-32 > .kt-row-column-wrap{align-content:start;}:where(.kb-row-layout-id7317_2b2fa2-32 > .kt-row-column-wrap) > .wp-block-kadence-column{justify-content:start;}.kb-row-layout-id7317_2b2fa2-32 > .kt-row-column-wrap{column-gap:var(--global-kb-gap-lg, 4rem);row-gap:var(--global-kb-gap-sm, 1rem);padding-top:var(--global-kb-spacing-sm, 1.5rem);padding-right:var(--global-kb-spacing-xs, 1rem);padding-left:var(--global-kb-spacing-xs, 1rem);grid-template-columns:minmax(0, calc(40% - ((var(--global-kb-gap-lg, 4rem) * 1 )\/2)))minmax(0, calc(60% - ((var(--global-kb-gap-lg, 4rem) * 1 )\/2)));}.kb-row-layout-id7317_2b2fa2-32 > .kt-row-layout-overlay{opacity:0.30;}@media all and (max-width: 1024px){.kb-row-layout-id7317_2b2fa2-32 > .kt-row-column-wrap{padding-right:var(--global-kb-spacing-xs, 1rem);padding-bottom:var(--global-kb-spacing-sm, 1.5rem);padding-left:var(--global-kb-spacing-xs, 1rem);grid-template-columns:minmax(0, calc(50% - ((var(--global-kb-gap-lg, 4rem) * 1 )\/2)))minmax(0, calc(50% - ((var(--global-kb-gap-lg, 4rem) * 1 )\/2)));}}@media all and (max-width: 767px){.kb-row-layout-id7317_2b2fa2-32 > .kt-row-column-wrap{column-gap:var(--global-kb-gap-sm, 1rem);row-gap:var(--global-kb-gap-none, 0rem );padding-top:var(--global-kb-spacing-sm, 1.5rem);padding-right:0px;padding-left:0px;grid-template-columns:minmax(0, 1fr);}}<\/style><div class=\"kb-row-layout-wrap kb-row-layout-id7317_2b2fa2-32 alignnone wp-block-kadence-rowlayout\"><div class=\"kt-row-column-wrap kt-has-2-columns kt-row-layout-equal kt-tab-layout-inherit kt-mobile-layout-row kt-row-valign-top\">\n<style>.kadence-column7317_12de86-0c > .kt-inside-inner-col,.kadence-column7317_12de86-0c > .kt-inside-inner-col:before{border-top-left-radius:0px;border-top-right-radius:0px;border-bottom-right-radius:0px;border-bottom-left-radius:0px;}.kadence-column7317_12de86-0c > .kt-inside-inner-col{column-gap:var(--global-kb-gap-sm, 1rem);}.kadence-column7317_12de86-0c > .kt-inside-inner-col{flex-direction:column;}.kadence-column7317_12de86-0c > .kt-inside-inner-col > .aligncenter{width:100%;}.kadence-column7317_12de86-0c > .kt-inside-inner-col:before{opacity:0.3;}.kadence-column7317_12de86-0c{position:relative;}@media all and (max-width: 1024px){.kadence-column7317_12de86-0c > .kt-inside-inner-col{flex-direction:column;justify-content:center;}}@media all and (max-width: 767px){.kadence-column7317_12de86-0c > .kt-inside-inner-col{flex-direction:column;justify-content:center;}}<\/style>\n<div class=\"wp-block-kadence-column kadence-column7317_12de86-0c\"><div class=\"kt-inside-inner-col\"><style>.wp-block-kadence-advancedheading.kt-adv-heading7317_101087-1c, .wp-block-kadence-advancedheading.kt-adv-heading7317_101087-1c[data-kb-block=\"kb-adv-heading7317_101087-1c\"]{padding-bottom:0px;margin-bottom:0px;font-size:17px;font-style:normal;text-transform:none;}.wp-block-kadence-advancedheading.kt-adv-heading7317_101087-1c mark.kt-highlight, .wp-block-kadence-advancedheading.kt-adv-heading7317_101087-1c[data-kb-block=\"kb-adv-heading7317_101087-1c\"] mark.kt-highlight{font-style:normal;color:#f76a0c;-webkit-box-decoration-break:clone;box-decoration-break:clone;padding-top:0px;padding-right:0px;padding-bottom:0px;padding-left:0px;}.wp-block-kadence-advancedheading.kt-adv-heading7317_101087-1c img.kb-inline-image, .wp-block-kadence-advancedheading.kt-adv-heading7317_101087-1c[data-kb-block=\"kb-adv-heading7317_101087-1c\"] img.kb-inline-image{width:150px;vertical-align:baseline;}@media all and (max-width: 767px){.wp-block-kadence-advancedheading.kt-adv-heading7317_101087-1c, .wp-block-kadence-advancedheading.kt-adv-heading7317_101087-1c[data-kb-block=\"kb-adv-heading7317_101087-1c\"]{margin-bottom:var(--global-kb-spacing-sm, 1.5rem);}}<\/style>\n<h2 class=\"kt-adv-heading7317_101087-1c wp-block-kadence-advancedheading\" data-kb-block=\"kb-adv-heading7317_101087-1c\"><strong>Ime obrta:<\/strong> Herbaria, uzgoj za\u010dinskog bilja, Ivana Klju\u010dari\u0107<\/h2>\n\n\n<style>.wp-block-kadence-advancedheading.kt-adv-heading7317_74c882-eb, .wp-block-kadence-advancedheading.kt-adv-heading7317_74c882-eb[data-kb-block=\"kb-adv-heading7317_74c882-eb\"]{padding-bottom:0px;margin-bottom:var(--global-kb-spacing-sm, 1.5rem);font-style:normal;}.wp-block-kadence-advancedheading.kt-adv-heading7317_74c882-eb mark.kt-highlight, .wp-block-kadence-advancedheading.kt-adv-heading7317_74c882-eb[data-kb-block=\"kb-adv-heading7317_74c882-eb\"] mark.kt-highlight{font-style:normal;color:#f76a0c;-webkit-box-decoration-break:clone;box-decoration-break:clone;padding-top:0px;padding-right:0px;padding-bottom:0px;padding-left:0px;}.wp-block-kadence-advancedheading.kt-adv-heading7317_74c882-eb img.kb-inline-image, .wp-block-kadence-advancedheading.kt-adv-heading7317_74c882-eb[data-kb-block=\"kb-adv-heading7317_74c882-eb\"] img.kb-inline-image{width:150px;vertical-align:baseline;}@media all and (max-width: 767px){.wp-block-kadence-advancedheading.kt-adv-heading7317_74c882-eb, .wp-block-kadence-advancedheading.kt-adv-heading7317_74c882-eb[data-kb-block=\"kb-adv-heading7317_74c882-eb\"]{margin-bottom:var(--global-kb-spacing-sm, 1.5rem);}}<\/style>\n<p class=\"kt-adv-heading7317_74c882-eb wp-block-kadence-advancedheading\" data-kb-block=\"kb-adv-heading7317_74c882-eb\"><strong>Adresa:<\/strong> I.G. Kova\u010di\u0107a 96, 40311 Lopatinec, EU-Croatia<\/p>\n\n\n<style>.wp-block-kadence-advancedheading.kt-adv-heading7317_f773fd-c4, .wp-block-kadence-advancedheading.kt-adv-heading7317_f773fd-c4[data-kb-block=\"kb-adv-heading7317_f773fd-c4\"]{margin-bottom:0px;font-style:normal;}.wp-block-kadence-advancedheading.kt-adv-heading7317_f773fd-c4 mark.kt-highlight, .wp-block-kadence-advancedheading.kt-adv-heading7317_f773fd-c4[data-kb-block=\"kb-adv-heading7317_f773fd-c4\"] mark.kt-highlight{font-style:normal;color:#f76a0c;-webkit-box-decoration-break:clone;box-decoration-break:clone;padding-top:0px;padding-right:0px;padding-bottom:0px;padding-left:0px;}.wp-block-kadence-advancedheading.kt-adv-heading7317_f773fd-c4 img.kb-inline-image, .wp-block-kadence-advancedheading.kt-adv-heading7317_f773fd-c4[data-kb-block=\"kb-adv-heading7317_f773fd-c4\"] img.kb-inline-image{width:150px;vertical-align:baseline;}.wp-block-kadence-advancedheading.kt-adv-heading7317_f773fd-c4[data-kb-block=\"kb-adv-heading7317_f773fd-c4\"] a, .kt-adv-heading-link7317_f773fd-c4, .kt-adv-heading-link7317_f773fd-c4 .kt-adv-heading7317_f773fd-c4[data-kb-block=\"kb-adv-heading7317_f773fd-c4\"]{color:var(--global-palette3, #1A202C);}.wp-block-kadence-advancedheading.kt-adv-heading7317_f773fd-c4[data-kb-block=\"kb-adv-heading7317_f773fd-c4\"] a:hover, .kt-adv-heading-link7317_f773fd-c4:hover, .kt-adv-heading-link7317_f773fd-c4:hover .kt-adv-heading7317_f773fd-c4[data-kb-block=\"kb-adv-heading7317_f773fd-c4\"]{color:var(--global-palette1, #3182CE);}<\/style>\n<p class=\"kt-adv-heading7317_f773fd-c4 wp-block-kadence-advancedheading\" data-kb-block=\"kb-adv-heading7317_f773fd-c4\"><strong>Telefon:<\/strong> <a href=\"tel:+38540573061\">+385(0)40 573 061<\/a><\/p>\n\n\n<style>.wp-block-kadence-advancedheading.kt-adv-heading7317_b5ab5e-72, .wp-block-kadence-advancedheading.kt-adv-heading7317_b5ab5e-72[data-kb-block=\"kb-adv-heading7317_b5ab5e-72\"]{margin-bottom:var(--global-kb-spacing-md, 2rem);font-style:normal;}.wp-block-kadence-advancedheading.kt-adv-heading7317_b5ab5e-72 mark.kt-highlight, .wp-block-kadence-advancedheading.kt-adv-heading7317_b5ab5e-72[data-kb-block=\"kb-adv-heading7317_b5ab5e-72\"] mark.kt-highlight{font-style:normal;color:#f76a0c;-webkit-box-decoration-break:clone;box-decoration-break:clone;padding-top:0px;padding-right:0px;padding-bottom:0px;padding-left:0px;}.wp-block-kadence-advancedheading.kt-adv-heading7317_b5ab5e-72 img.kb-inline-image, .wp-block-kadence-advancedheading.kt-adv-heading7317_b5ab5e-72[data-kb-block=\"kb-adv-heading7317_b5ab5e-72\"] img.kb-inline-image{width:150px;vertical-align:baseline;}.wp-block-kadence-advancedheading.kt-adv-heading7317_b5ab5e-72[data-kb-block=\"kb-adv-heading7317_b5ab5e-72\"] a, .kt-adv-heading-link7317_b5ab5e-72, .kt-adv-heading-link7317_b5ab5e-72 .kt-adv-heading7317_b5ab5e-72[data-kb-block=\"kb-adv-heading7317_b5ab5e-72\"]{color:var(--global-palette3, #1A202C);}.wp-block-kadence-advancedheading.kt-adv-heading7317_b5ab5e-72[data-kb-block=\"kb-adv-heading7317_b5ab5e-72\"] a:hover, .kt-adv-heading-link7317_b5ab5e-72:hover, .kt-adv-heading-link7317_b5ab5e-72:hover .kt-adv-heading7317_b5ab5e-72[data-kb-block=\"kb-adv-heading7317_b5ab5e-72\"]{color:var(--global-palette1, #3182CE);}<\/style>\n<p class=\"kt-adv-heading7317_b5ab5e-72 wp-block-kadence-advancedheading\" data-kb-block=\"kb-adv-heading7317_b5ab5e-72\"><strong>E-mail<\/strong>: <a href=\"mailto:info@lantestina.com\">info@lantestina.com<\/a><\/p>\n<\/div><\/div>\n\n\n<style>.kadence-column7317_5fc465-43 > .kt-inside-inner-col,.kadence-column7317_5fc465-43 > .kt-inside-inner-col:before{border-top-left-radius:0px;border-top-right-radius:0px;border-bottom-right-radius:0px;border-bottom-left-radius:0px;}.kadence-column7317_5fc465-43 > .kt-inside-inner-col{column-gap:var(--global-kb-gap-sm, 1rem);}.kadence-column7317_5fc465-43 > .kt-inside-inner-col{flex-direction:column;}.kadence-column7317_5fc465-43 > .kt-inside-inner-col > .aligncenter{width:100%;}.kadence-column7317_5fc465-43 > .kt-inside-inner-col:before{opacity:0.3;}.kadence-column7317_5fc465-43{position:relative;}@media all and (max-width: 1024px){.kadence-column7317_5fc465-43 > .kt-inside-inner-col{flex-direction:column;justify-content:center;}}@media all and (max-width: 767px){.kadence-column7317_5fc465-43 > .kt-inside-inner-col{flex-direction:column;justify-content:center;}}<\/style>\n<div class=\"wp-block-kadence-column kadence-column7317_5fc465-43\"><div class=\"kt-inside-inner-col\"><style>.wp-block-kadence-advancedheading.kt-adv-heading7317_90c9ca-cc, .wp-block-kadence-advancedheading.kt-adv-heading7317_90c9ca-cc[data-kb-block=\"kb-adv-heading7317_90c9ca-cc\"]{padding-bottom:0px;margin-bottom:0px;font-style:normal;}.wp-block-kadence-advancedheading.kt-adv-heading7317_90c9ca-cc mark.kt-highlight, .wp-block-kadence-advancedheading.kt-adv-heading7317_90c9ca-cc[data-kb-block=\"kb-adv-heading7317_90c9ca-cc\"] mark.kt-highlight{font-style:normal;color:#f76a0c;-webkit-box-decoration-break:clone;box-decoration-break:clone;padding-top:0px;padding-right:0px;padding-bottom:0px;padding-left:0px;}.wp-block-kadence-advancedheading.kt-adv-heading7317_90c9ca-cc img.kb-inline-image, .wp-block-kadence-advancedheading.kt-adv-heading7317_90c9ca-cc[data-kb-block=\"kb-adv-heading7317_90c9ca-cc\"] img.kb-inline-image{width:150px;vertical-align:baseline;}<\/style>\n<p class=\"kt-adv-heading7317_90c9ca-cc wp-block-kadence-advancedheading\" data-kb-block=\"kb-adv-heading7317_90c9ca-cc\"><strong>OIB:<\/strong>&nbsp;46314085586<br><strong>MBS:<\/strong>&nbsp;92227473<\/p>\n\n\n<style>.wp-block-kadence-advancedheading.kt-adv-heading7317_13e95c-d3, .wp-block-kadence-advancedheading.kt-adv-heading7317_13e95c-d3[data-kb-block=\"kb-adv-heading7317_13e95c-d3\"]{padding-top:var(--global-kb-spacing-md, 2rem);margin-bottom:0px;font-style:normal;}.wp-block-kadence-advancedheading.kt-adv-heading7317_13e95c-d3 mark.kt-highlight, .wp-block-kadence-advancedheading.kt-adv-heading7317_13e95c-d3[data-kb-block=\"kb-adv-heading7317_13e95c-d3\"] mark.kt-highlight{font-style:normal;color:#f76a0c;-webkit-box-decoration-break:clone;box-decoration-break:clone;padding-top:0px;padding-right:0px;padding-bottom:0px;padding-left:0px;}.wp-block-kadence-advancedheading.kt-adv-heading7317_13e95c-d3 img.kb-inline-image, .wp-block-kadence-advancedheading.kt-adv-heading7317_13e95c-d3[data-kb-block=\"kb-adv-heading7317_13e95c-d3\"] img.kb-inline-image{width:150px;vertical-align:baseline;}@media all and (max-width: 767px){.wp-block-kadence-advancedheading.kt-adv-heading7317_13e95c-d3, .wp-block-kadence-advancedheading.kt-adv-heading7317_13e95c-d3[data-kb-block=\"kb-adv-heading7317_13e95c-d3\"]{padding-top:var(--global-kb-spacing-sm, 1.5rem);}}<\/style>\n<p class=\"kt-adv-heading7317_13e95c-d3 wp-block-kadence-advancedheading\" data-kb-block=\"kb-adv-heading7317_13e95c-d3\"><strong>Ime banke: Erste &amp; Steierm\u00e4rkische Bank d.d.<\/strong><\/p>\n\n\n<style>.wp-block-kadence-advancedheading.kt-adv-heading7317_cea40b-83, .wp-block-kadence-advancedheading.kt-adv-heading7317_cea40b-83[data-kb-block=\"kb-adv-heading7317_cea40b-83\"]{font-style:normal;}.wp-block-kadence-advancedheading.kt-adv-heading7317_cea40b-83 mark.kt-highlight, .wp-block-kadence-advancedheading.kt-adv-heading7317_cea40b-83[data-kb-block=\"kb-adv-heading7317_cea40b-83\"] mark.kt-highlight{font-style:normal;color:#f76a0c;-webkit-box-decoration-break:clone;box-decoration-break:clone;padding-top:0px;padding-right:0px;padding-bottom:0px;padding-left:0px;}.wp-block-kadence-advancedheading.kt-adv-heading7317_cea40b-83 img.kb-inline-image, .wp-block-kadence-advancedheading.kt-adv-heading7317_cea40b-83[data-kb-block=\"kb-adv-heading7317_cea40b-83\"] img.kb-inline-image{width:150px;vertical-align:baseline;}<\/style>\n<p class=\"kt-adv-heading7317_cea40b-83 wp-block-kadence-advancedheading\" data-kb-block=\"kb-adv-heading7317_cea40b-83\"><strong>IBAN:&nbsp;<\/strong>HR4524020061140460422<\/p>\n<\/div><\/div>\n\n<\/div><\/div>","protected":false},"excerpt":{"rendered":"<p>Ime obrta: Herbaria, uzgoj za\u010dinskog bilja, Ivana Klju\u010dari\u0107 Adresa: I.G. Kova\u010di\u0107a 96, 40311 Lopatinec, EU-Croatia Telefon: +385(0)40 573 061 E-mail: info@lantestina.com OIB:&nbsp;46314085586MBS:&nbsp;92227473 Ime banke: Erste &amp; Steierm\u00e4rkische Bank d.d. IBAN:&nbsp;HR4524020061140460422<\/p>\n","protected":false},"author":2,"featured_media":0,"parent":0,"menu_order":0,"comment_status":"closed","ping_status":"closed","template":"","meta":{"_kad_blocks_custom_css":"","_kad_blocks_head_custom_js":"","_kad_blocks_body_custom_js":"","_kad_blocks_footer_custom_js":"","_kadence_starter_templates_imported_post":false,"_kad_post_transparent":"disable","_kad_post_title":"show","_kad_post_layout":"normal","_kad_post_sidebar_id":"","_kad_post_content_style":"unboxed","_kad_post_vertical_padding":"show","_kad_post_feature":"","_kad_post_feature_position":"","_kad_post_header":false,"_kad_post_footer":false,"_kad_post_classname":"","iawp_total_views":135,"footnotes":""},"class_list":["post-7317","page","type-page","status-publish","hentry"],"taxonomy_info":[],"featured_image_src_large":false,"author_info":{"display_name":"Viktoria","author_link":"https:\/\/www.lantestina.com\/hr\/author\/viktoria\/"},"comment_info":0,"_links":{"self":[{"href":"https:\/\/www.lantestina.com\/hr\/wp-json\/wp\/v2\/pages\/7317","targetHints":{"allow":["GET"]}}],"collection":[{"href":"https:\/\/www.lantestina.com\/hr\/wp-json\/wp\/v2\/pages"}],"about":[{"href":"https:\/\/www.lantestina.com\/hr\/wp-json\/wp\/v2\/types\/page"}],"author":[{"embeddable":true,"href":"https:\/\/www.lantestina.com\/hr\/wp-json\/wp\/v2\/users\/2"}],"replies":[{"embeddable":true,"href":"https:\/\/www.lantestina.com\/hr\/wp-json\/wp\/v2\/comments?post=7317"}],"version-history":[{"count":0,"href":"https:\/\/www.lantestina.com\/hr\/wp-json\/wp\/v2\/pages\/7317\/revisions"}],"wp:attachment":[{"href":"https:\/\/www.lantestina.com\/hr\/wp-json\/wp\/v2\/media?parent=7317"}],"curies":[{"name":"wp","href":"https:\/\/api.w.org\/{rel}","templated":true}]}}