{"id":10162,"date":"2025-06-09T14:23:28","date_gmt":"2025-06-09T12:23:28","guid":{"rendered":"https:\/\/lantestina.lifty.agency\/cancellation-policy\/"},"modified":"2025-06-11T14:48:16","modified_gmt":"2025-06-11T12:48:16","slug":"cancellation-policy","status":"publish","type":"page","link":"https:\/\/www.lantestina.com\/hr\/cancellation-policy\/","title":{"rendered":"Politika otkazivanja"},"content":{"rendered":"<style>.kb-row-layout-id10162_5aaf7c-93 > .kt-row-column-wrap{align-content:start;}:where(.kb-row-layout-id10162_5aaf7c-93 > .kt-row-column-wrap) > .wp-block-kadence-column{justify-content:start;}.kb-row-layout-id10162_5aaf7c-93 > .kt-row-column-wrap{column-gap:var(--global-kb-gap-md, 2rem);row-gap:var(--global-kb-gap-md, 2rem);max-width:var( --global-content-width, 1920px );padding-left:var(--global-content-edge-padding);padding-right:var(--global-content-edge-padding);padding-top:0px;padding-right:var(--global-kb-spacing-xxs, 0.5rem);padding-bottom:0px;padding-left:var(--global-kb-spacing-xxs, 0.5rem);grid-template-columns:minmax(0, 1fr);}.kb-row-layout-id10162_5aaf7c-93 > .kt-row-layout-overlay{opacity:0.30;}@media all and (max-width: 1024px){.kb-row-layout-id10162_5aaf7c-93 > .kt-row-column-wrap{padding-right:0px;padding-left:0px;grid-template-columns:minmax(0, 1fr);}}@media all and (max-width: 767px){.kb-row-layout-id10162_5aaf7c-93 > .kt-row-column-wrap{grid-template-columns:minmax(0, 1fr);}}<\/style><div class=\"kb-row-layout-wrap kb-row-layout-id10162_5aaf7c-93 alignnone wp-block-kadence-rowlayout\"><div class=\"kt-row-column-wrap kt-has-1-columns kt-row-layout-equal kt-tab-layout-inherit kt-mobile-layout-row kt-row-valign-top kb-theme-content-width\">\n<style>.kadence-column10162_5a1779-77 > .kt-inside-inner-col,.kadence-column10162_5a1779-77 > .kt-inside-inner-col:before{border-top-left-radius:0px;border-top-right-radius:0px;border-bottom-right-radius:0px;border-bottom-left-radius:0px;}.kadence-column10162_5a1779-77 > .kt-inside-inner-col{column-gap:var(--global-kb-gap-sm, 1rem);}.kadence-column10162_5a1779-77 > .kt-inside-inner-col{flex-direction:column;}.kadence-column10162_5a1779-77 > .kt-inside-inner-col > .aligncenter{width:100%;}.kadence-column10162_5a1779-77 > .kt-inside-inner-col:before{opacity:0.3;}.kadence-column10162_5a1779-77{position:relative;}@media all and (max-width: 1024px){.kadence-column10162_5a1779-77 > .kt-inside-inner-col{flex-direction:column;justify-content:center;}}@media all and (max-width: 767px){.kadence-column10162_5a1779-77 > .kt-inside-inner-col{flex-direction:column;justify-content:center;}}<\/style>\n<div class=\"wp-block-kadence-column kadence-column10162_5a1779-77\"><div class=\"kt-inside-inner-col\"><style>.wp-block-kadence-advancedheading.kt-adv-heading10162_880d02-ab, .wp-block-kadence-advancedheading.kt-adv-heading10162_880d02-ab[data-kb-block=\"kb-adv-heading10162_880d02-ab\"]{margin-bottom:0px;font-style:normal;}.wp-block-kadence-advancedheading.kt-adv-heading10162_880d02-ab mark.kt-highlight, .wp-block-kadence-advancedheading.kt-adv-heading10162_880d02-ab[data-kb-block=\"kb-adv-heading10162_880d02-ab\"] mark.kt-highlight{font-style:normal;color:#f76a0c;-webkit-box-decoration-break:clone;box-decoration-break:clone;padding-top:0px;padding-right:0px;padding-bottom:0px;padding-left:0px;}.wp-block-kadence-advancedheading.kt-adv-heading10162_880d02-ab img.kb-inline-image, .wp-block-kadence-advancedheading.kt-adv-heading10162_880d02-ab[data-kb-block=\"kb-adv-heading10162_880d02-ab\"] img.kb-inline-image{width:150px;vertical-align:baseline;}<\/style>\n<p class=\"kt-adv-heading10162_880d02-ab wp-block-kadence-advancedheading\" data-kb-block=\"kb-adv-heading10162_880d02-ab\">Ako ste potro\u0161a\u010d (tj. fizi\u010dka osoba koja predaje narud\u017ebu u svrhu koja se ne mo\u017ee pripisati va\u0161oj komercijalnoj ili neovisnoj profesionalnoj djelatnosti), imate pravo na odustanak u skladu sa zakonskim odredbama.<br><br>Ako kao potro\u0161a\u010d iskoristite svoje pravo na povla\u010denje u skladu s gore navedenim, obratite pozornost na na\u0161e uvjete povrata.<br><br>U svim drugim aspektima, odredbe o pravu na povla\u010denje detaljno su navedene u sljede\u0107oj politici otkazivanja.<br><br>Pravo na odustanak<\/p>\n\n\n<style>.wp-block-kadence-advancedheading.kt-adv-heading10162_126e7f-2b, .wp-block-kadence-advancedheading.kt-adv-heading10162_126e7f-2b[data-kb-block=\"kb-adv-heading10162_126e7f-2b\"]{margin-right:0px;margin-bottom:0px;font-style:normal;}.wp-block-kadence-advancedheading.kt-adv-heading10162_126e7f-2b mark.kt-highlight, .wp-block-kadence-advancedheading.kt-adv-heading10162_126e7f-2b[data-kb-block=\"kb-adv-heading10162_126e7f-2b\"] mark.kt-highlight{font-style:normal;color:#f76a0c;-webkit-box-decoration-break:clone;box-decoration-break:clone;padding-top:0px;padding-right:0px;padding-bottom:0px;padding-left:0px;}.wp-block-kadence-advancedheading.kt-adv-heading10162_126e7f-2b img.kb-inline-image, .wp-block-kadence-advancedheading.kt-adv-heading10162_126e7f-2b[data-kb-block=\"kb-adv-heading10162_126e7f-2b\"] img.kb-inline-image{width:150px;vertical-align:baseline;}<\/style>\n<p class=\"kt-adv-heading10162_126e7f-2b wp-block-kadence-advancedheading\" data-kb-block=\"kb-adv-heading10162_126e7f-2b\">Imate pravo odustati od ovog ugovora u roku od \u010detrnaest dana bez navo\u0111enja razloga.<\/p>\n\n\n<style>.wp-block-kadence-advancedheading.kt-adv-heading10162_c22ac8-3f, .wp-block-kadence-advancedheading.kt-adv-heading10162_c22ac8-3f[data-kb-block=\"kb-adv-heading10162_c22ac8-3f\"]{margin-bottom:0px;font-style:normal;}.wp-block-kadence-advancedheading.kt-adv-heading10162_c22ac8-3f mark.kt-highlight, .wp-block-kadence-advancedheading.kt-adv-heading10162_c22ac8-3f[data-kb-block=\"kb-adv-heading10162_c22ac8-3f\"] mark.kt-highlight{font-style:normal;color:#f76a0c;-webkit-box-decoration-break:clone;box-decoration-break:clone;padding-top:0px;padding-right:0px;padding-bottom:0px;padding-left:0px;}.wp-block-kadence-advancedheading.kt-adv-heading10162_c22ac8-3f img.kb-inline-image, .wp-block-kadence-advancedheading.kt-adv-heading10162_c22ac8-3f[data-kb-block=\"kb-adv-heading10162_c22ac8-3f\"] img.kb-inline-image{width:150px;vertical-align:baseline;}<\/style>\n<p class=\"kt-adv-heading10162_c22ac8-3f wp-block-kadence-advancedheading\" data-kb-block=\"kb-adv-heading10162_c22ac8-3f\">Razdoblje za otkazivanje bit \u0107e \u010detrnaest dana od dana kada vi ili tre\u0107a strana koja nije prijevoznik koju ste odredili preuzmete robu u posjed.<\/p>\n\n\n\n<p>Kako biste iskoristili svoje pravo na povla\u010denje, pogledajte na\u0161u politiku povrata ili nas kontaktirajte na\u00a0<a href=\"mailto:info@lantestina.com\">info@lantestina.com<\/a><br>Kako biste ispunili rok za otkazivanje, dovoljno je da po\u0161aljete svoje priop\u0107enje u vezi s ostvarivanjem prava na otkazivanje prije isteka roka za otkazivanje.<br><br>Posljedice opoziva<br>Ako otka\u017eete ovaj ugovor, vratit \u0107emo vam sve uplate koje smo od vas primili, umanjene za tro\u0161kove povrata robe. Za ovu otplatu koristit \u0107emo ista sredstva pla\u0107anja koja ste koristili za izvornu transakciju. Povrat \u0107e biti izvr\u0161en \u010dim vra\u0107enu robu primimo i pregledamo.<br>Robu morate vratiti ili predati nama ili (gdje je primjenjivo, unesite ime i adresu osobe koju ste ovlastili za primitak robe) odmah i u svakom slu\u010daju najkasnije \u010detrnaest dana od datuma na koji ste nas obavijestili da ste otkazali ovaj ugovor. Rok je ispo\u0161tovan ako robu po\u0161aljete prije isteka roka od \u010detrnaest dana.<br><br>Svaki gubitak vrijednosti robe morate platiti samo ako je taj gubitak vrijednosti nastao zbog rukovanja robom koje nije nu\u017eno za provjeru njezine kvalitete, svojstava i funkcioniranja.<\/p>\n\n\n\n<p>\u2013 Kraj politike otkazivanja \u2013<\/p>\n<\/div><\/div>\n\n<\/div><\/div>","protected":false},"excerpt":{"rendered":"<p>Ako ste potro\u0161a\u010d (tj. fizi\u010dka osoba koja predaje narud\u017ebu u svrhu koja se ne mo\u017ee pripisati va\u0161oj komercijalnoj ili neovisnoj profesionalnoj djelatnosti), imate pravo na odustanak u skladu sa zakonskim odredbama. Ako kao potro\u0161a\u010d iskoristite svoje pravo na povla\u010denje u skladu s gore navedenim, obratite pozornost na na\u0161e uvjete povrata. U svim drugim aspektima, odredbe&#8230;<\/p>\n","protected":false},"author":2,"featured_media":0,"parent":0,"menu_order":0,"comment_status":"closed","ping_status":"closed","template":"","meta":{"_kad_blocks_custom_css":"","_kad_blocks_head_custom_js":"","_kad_blocks_body_custom_js":"","_kad_blocks_footer_custom_js":"","_kadence_starter_templates_imported_post":false,"_kad_post_transparent":"disable","_kad_post_title":"show","_kad_post_layout":"normal","_kad_post_sidebar_id":"","_kad_post_content_style":"unboxed","_kad_post_vertical_padding":"show","_kad_post_feature":"","_kad_post_feature_position":"","_kad_post_header":false,"_kad_post_footer":false,"_kad_post_classname":"","iawp_total_views":12,"footnotes":""},"class_list":["post-10162","page","type-page","status-publish","hentry"],"taxonomy_info":[],"featured_image_src_large":false,"author_info":{"display_name":"Viktoria","author_link":"https:\/\/www.lantestina.com\/hr\/author\/viktoria\/"},"comment_info":0,"_links":{"self":[{"href":"https:\/\/www.lantestina.com\/hr\/wp-json\/wp\/v2\/pages\/10162","targetHints":{"allow":["GET"]}}],"collection":[{"href":"https:\/\/www.lantestina.com\/hr\/wp-json\/wp\/v2\/pages"}],"about":[{"href":"https:\/\/www.lantestina.com\/hr\/wp-json\/wp\/v2\/types\/page"}],"author":[{"embeddable":true,"href":"https:\/\/www.lantestina.com\/hr\/wp-json\/wp\/v2\/users\/2"}],"replies":[{"embeddable":true,"href":"https:\/\/www.lantestina.com\/hr\/wp-json\/wp\/v2\/comments?post=10162"}],"version-history":[{"count":1,"href":"https:\/\/www.lantestina.com\/hr\/wp-json\/wp\/v2\/pages\/10162\/revisions"}],"predecessor-version":[{"id":10634,"href":"https:\/\/www.lantestina.com\/hr\/wp-json\/wp\/v2\/pages\/10162\/revisions\/10634"}],"wp:attachment":[{"href":"https:\/\/www.lantestina.com\/hr\/wp-json\/wp\/v2\/media?parent=10162"}],"curies":[{"name":"wp","href":"https:\/\/api.w.org\/{rel}","templated":true}]}}