{"id":10152,"date":"2025-06-09T14:08:53","date_gmt":"2025-06-09T12:08:53","guid":{"rendered":"https:\/\/lantestina.lifty.agency\/general-terms\/"},"modified":"2025-06-09T15:46:02","modified_gmt":"2025-06-09T13:46:02","slug":"opci-uvjeti","status":"publish","type":"page","link":"https:\/\/www.lantestina.com\/hr\/opci-uvjeti\/","title":{"rendered":"Op\u0107i uvjeti"},"content":{"rendered":"<style>.kb-row-layout-id10152_260e9b-d9 > .kt-row-column-wrap{align-content:start;}:where(.kb-row-layout-id10152_260e9b-d9 > .kt-row-column-wrap) > .wp-block-kadence-column{justify-content:start;}.kb-row-layout-id10152_260e9b-d9 > .kt-row-column-wrap{column-gap:var(--global-kb-gap-md, 2rem);row-gap:var(--global-kb-gap-md, 2rem);max-width:var( --global-content-width, 1920px );padding-left:var(--global-content-edge-padding);padding-right:var(--global-content-edge-padding);padding-top:0px;padding-right:var(--global-kb-spacing-xxs, 0.5rem);padding-bottom:0px;padding-left:var(--global-kb-spacing-xxs, 0.5rem);grid-template-columns:minmax(0, 1fr);}.kb-row-layout-id10152_260e9b-d9 > .kt-row-layout-overlay{opacity:0.30;}@media all and (max-width: 1024px){.kb-row-layout-id10152_260e9b-d9 > .kt-row-column-wrap{padding-right:0px;padding-left:0px;grid-template-columns:minmax(0, 1fr);}}@media all and (max-width: 767px){.kb-row-layout-id10152_260e9b-d9 > .kt-row-column-wrap{grid-template-columns:minmax(0, 1fr);}}<\/style><div class=\"kb-row-layout-wrap kb-row-layout-id10152_260e9b-d9 alignnone wp-block-kadence-rowlayout\"><div class=\"kt-row-column-wrap kt-has-1-columns kt-row-layout-equal kt-tab-layout-inherit kt-mobile-layout-row kt-row-valign-top kb-theme-content-width\">\n<style>.kadence-column10152_f3659d-51 > .kt-inside-inner-col,.kadence-column10152_f3659d-51 > .kt-inside-inner-col:before{border-top-left-radius:0px;border-top-right-radius:0px;border-bottom-right-radius:0px;border-bottom-left-radius:0px;}.kadence-column10152_f3659d-51 > .kt-inside-inner-col{column-gap:var(--global-kb-gap-sm, 1rem);}.kadence-column10152_f3659d-51 > .kt-inside-inner-col{flex-direction:column;}.kadence-column10152_f3659d-51 > .kt-inside-inner-col > .aligncenter{width:100%;}.kadence-column10152_f3659d-51 > .kt-inside-inner-col:before{opacity:0.3;}.kadence-column10152_f3659d-51{position:relative;}@media all and (max-width: 1024px){.kadence-column10152_f3659d-51 > .kt-inside-inner-col{flex-direction:column;justify-content:center;}}@media all and (max-width: 767px){.kadence-column10152_f3659d-51 > .kt-inside-inner-col{flex-direction:column;justify-content:center;}}<\/style>\n<div class=\"wp-block-kadence-column kadence-column10152_f3659d-51\"><div class=\"kt-inside-inner-col\"><style>.wp-block-kadence-advancedheading.kt-adv-heading10152_b443d2-7e, .wp-block-kadence-advancedheading.kt-adv-heading10152_b443d2-7e[data-kb-block=\"kb-adv-heading10152_b443d2-7e\"]{font-style:normal;}.wp-block-kadence-advancedheading.kt-adv-heading10152_b443d2-7e mark.kt-highlight, .wp-block-kadence-advancedheading.kt-adv-heading10152_b443d2-7e[data-kb-block=\"kb-adv-heading10152_b443d2-7e\"] mark.kt-highlight{font-style:normal;color:#f76a0c;-webkit-box-decoration-break:clone;box-decoration-break:clone;padding-top:0px;padding-right:0px;padding-bottom:0px;padding-left:0px;}.wp-block-kadence-advancedheading.kt-adv-heading10152_b443d2-7e img.kb-inline-image, .wp-block-kadence-advancedheading.kt-adv-heading10152_b443d2-7e[data-kb-block=\"kb-adv-heading10152_b443d2-7e\"] img.kb-inline-image{width:150px;vertical-align:baseline;}<\/style>\n<p class=\"kt-adv-heading10152_b443d2-7e wp-block-kadence-advancedheading\" data-kb-block=\"kb-adv-heading10152_b443d2-7e\">1. Opseg<br><br>Za sve isporuke od brenda Lantestina, kojeg zastupa Herbaria, uzgoj za\u010dinskog bilja, Ivana Klju\u010dari\u0107. Ovi op\u0107i uvjeti (OU) odnose se na potro\u0161a\u010de.<br>Potro\u0161a\u010d je svaka fizi\u010dka osoba koja sklopi pravni posao u svrhu koja se prete\u017eno ne mo\u017ee pripisati niti njegovoj trgova\u010dkoj niti samostalnoj profesionalnoj djelatnosti.<br><br>2. Ugovorna strana<br><br>Kupoprodajni ugovor sklopljen je s Herbaria, uzgoj za\u010dinskog bilja, Ivana Klju\u010dari\u0107, I.G. Kova\u010di\u0107a 96, 40311 Lopatinec, Hrvatska, upisan pri Trgova\u010dkom sudu u Vara\u017edinu, MB: 92227473, OIB: 46314085586.<br><br>3. Sklapanje ugovora<br><br>3.1. Predstavljanje proizvoda u internetskoj trgovini ne predstavlja pravno obvezuju\u0107u ponudu, ve\u0107 samo poziv na narud\u017ebu.<br><br>3.2. Klikom na gumb [Kupi\/naru\u010di uz naknadu] postavljate obvezuju\u0107u narud\u017ebu za robu koja je navedena na stranici narud\u017ebe. Va\u0161 kupoprodajni ugovor je zaklju\u010den kada prihvatimo va\u0161u narud\u017ebu tako da vam po\u0161aljemo potvrdu narud\u017ebe e-po\u0161tom odmah nakon primitka va\u0161e narud\u017ebe.<br><br>4. Pravo na odustanak<br><br>4.1. Ako ste potro\u0161a\u010d (tj. fizi\u010dka osoba koja predaje narud\u017ebu u svrhu koja se ne mo\u017ee pripisati va\u0161oj komercijalnoj ili neovisnoj profesionalnoj djelatnosti), imate pravo na odustanak u skladu sa zakonskim odredbama.<br><br>4.2. Ako kao potro\u0161a\u010d iskoristite svoje pravo na povla\u010denje u skladu s odjeljkom 4.1, obratite pozornost na na\u0161e uvjete povrata.<br><br>4.3. U svim drugim aspektima, odredbe o pravu na povla\u010denje detaljno su navedene u sljede\u0107oj politici otkazivanja.<br><br>Pravo na odustanak<br><br>Imate pravo odustati od ovog ugovora u roku od \u010detrnaest dana bez navo\u0111enja razloga.<br><br>Razdoblje za otkazivanje bit \u0107e \u010detrnaest dana od dana kada vi ili tre\u0107a strana koja nije prijevoznik koju ste odredili preuzmete robu u posjed.<br><br>Kako biste iskoristili svoje pravo na povla\u010denje, pogledajte na\u0161u politiku povrata ili nas kontaktirajte na <a href=\"mailto:info@lantestina.com\">info@lantestina.com<\/a>.<br>Kako biste ispunili rok za otkazivanje, dovoljno je da po\u0161aljete svoje priop\u0107enje u vezi s ostvarivanjem prava na otkazivanje prije isteka roka za otkazivanje.<br><br>Posljedice opoziva<br><br>Ako otka\u017eete ovaj ugovor, vratit \u0107emo vam sve uplate koje smo od vas primili, umanjene za tro\u0161kove povrata robe. Za ovu otplatu koristit \u0107emo ista sredstva pla\u0107anja koja ste koristili za izvornu transakciju. Povrat \u0107e biti izvr\u0161en \u010dim vra\u0107enu robu primimo i pregledamo.<br><br>Robu morate vratiti ili predati nama ili (gdje je primjenjivo, unesite ime i adresu osobe koju ste ovlastili za primitak robe) odmah i u svakom slu\u010daju najkasnije \u010detrnaest dana od datuma na koji ste nas obavijestili da ste otkazali ovaj ugovor. Rok je ispo\u0161tovan ako robu po\u0161aljete prije isteka roka od \u010detrnaest dana.<br><br>Svaki gubitak vrijednosti robe morate platiti samo ako je taj gubitak vrijednosti nastao zbog rukovanja robom koje nije nu\u017eno za provjeru njezine kvalitete, svojstava i funkcioniranja.<br><br>\u2013 Kraj pravila otkazivanja \u2013<br><br>5. Cijene i tro\u0161kovi dostave<br><br>5.1. Cijene navedene na stranicama proizvoda uklju\u010duju PDV i ostale komponente cijene. Herbaria, uzgoj za\u010dinskog bilja, Ivana Klju\u010dari\u0107 zadr\u017eava pravo promjene cijena, pogledajte na\u0161e smjernice za dostavu. Tro\u0161kovi dostave tako\u0111er \u0107e biti prikazani u va\u0161oj ko\u0161arici tijekom naplate.<br><br>6. Dostava<br><br>6.1. Dostava je mogu\u0107a unutar Hrvatske i zemalja \u010dlanica EU.<br><br>6.2. Rok isporuke je 1-2 dana unutar Hrvatske i 5-7 dana unutar zemlja EU. Mogu\u0107a su odstupanja i iznimke. Ako va\u0161a narud\u017eba kasni, kontaktirat \u0107emo vas e-po\u0161tom.<br><br>7. Isplata<br><br>7.1. Pla\u0107anje je mogu\u0107e izvr\u0161iti navedenim na\u010dinima pla\u0107anja.<br><br>8. Zadr\u017eavanje vlasni\u0161tva<br><br>Roba ostaje u na\u0161em vlasni\u0161tvu sve do pune uplate.<br><br>9. Jamstvo za materijalne nedostatke<br><br>Herbaria, uzgoj za\u010dinskog bilja, Ivana Klju\u010dari\u0107 odgovara za materijalne nedostatke u skladu s va\u017ee\u0107im zakonskim odredbama.<br><br>10. Rje\u0161avanje sporova<br><br>Europska komisija stvorila je internetsku platformu za online rje\u0161avanje sporova. Platforma slu\u017ei kao kontaktna to\u010dka za izvansudsko rje\u0161avanje sporova koji se ti\u010du \u200b\u200bugovornih obveza proiza\u0161lih iz online kupoprodajnih ugovora. Dodatne informacije dostupne su na sljede\u0107oj poveznici: <a href=\"http:\/\/ec.europa.eu\/consumers\/odr\" rel=\"nofollow noopener\" target=\"_blank\">http:\/\/ec.europa.eu\/consumers\/odr<\/a>. Nismo voljni niti obvezni sudjelovati u postupku rje\u0161avanja sporova pred potro\u0161a\u010dkom arbitra\u017eom.<\/p>\n<\/div><\/div>\n\n<\/div><\/div>","protected":false},"excerpt":{"rendered":"<p>1. Opseg Za sve isporuke od brenda Lantestina, kojeg zastupa Herbaria, uzgoj za\u010dinskog bilja, Ivana Klju\u010dari\u0107. Ovi op\u0107i uvjeti (OU) odnose se na potro\u0161a\u010de.Potro\u0161a\u010d je svaka fizi\u010dka osoba koja sklopi pravni posao u svrhu koja se prete\u017eno ne mo\u017ee pripisati niti njegovoj trgova\u010dkoj niti samostalnoj profesionalnoj djelatnosti. 2. Ugovorna strana Kupoprodajni ugovor sklopljen je s&#8230;<\/p>\n","protected":false},"author":2,"featured_media":0,"parent":0,"menu_order":0,"comment_status":"closed","ping_status":"closed","template":"","meta":{"_kad_blocks_custom_css":"","_kad_blocks_head_custom_js":"","_kad_blocks_body_custom_js":"","_kad_blocks_footer_custom_js":"","_kadence_starter_templates_imported_post":false,"_kad_post_transparent":"disable","_kad_post_title":"show","_kad_post_layout":"normal","_kad_post_sidebar_id":"","_kad_post_content_style":"unboxed","_kad_post_vertical_padding":"show","_kad_post_feature":"","_kad_post_feature_position":"","_kad_post_header":false,"_kad_post_footer":false,"_kad_post_classname":"","iawp_total_views":71,"footnotes":""},"class_list":["post-10152","page","type-page","status-publish","hentry"],"taxonomy_info":[],"featured_image_src_large":false,"author_info":{"display_name":"Viktoria","author_link":"https:\/\/www.lantestina.com\/hr\/author\/viktoria\/"},"comment_info":0,"_links":{"self":[{"href":"https:\/\/www.lantestina.com\/hr\/wp-json\/wp\/v2\/pages\/10152","targetHints":{"allow":["GET"]}}],"collection":[{"href":"https:\/\/www.lantestina.com\/hr\/wp-json\/wp\/v2\/pages"}],"about":[{"href":"https:\/\/www.lantestina.com\/hr\/wp-json\/wp\/v2\/types\/page"}],"author":[{"embeddable":true,"href":"https:\/\/www.lantestina.com\/hr\/wp-json\/wp\/v2\/users\/2"}],"replies":[{"embeddable":true,"href":"https:\/\/www.lantestina.com\/hr\/wp-json\/wp\/v2\/comments?post=10152"}],"version-history":[{"count":0,"href":"https:\/\/www.lantestina.com\/hr\/wp-json\/wp\/v2\/pages\/10152\/revisions"}],"wp:attachment":[{"href":"https:\/\/www.lantestina.com\/hr\/wp-json\/wp\/v2\/media?parent=10152"}],"curies":[{"name":"wp","href":"https:\/\/api.w.org\/{rel}","templated":true}]}}