{"id":9771,"date":"2025-06-07T09:52:04","date_gmt":"2025-06-07T07:52:04","guid":{"rendered":"https:\/\/lantestina.lifty.agency\/?post_type=product&#038;p=9771"},"modified":"2026-01-23T16:40:16","modified_gmt":"2026-01-23T15:40:16","slug":"routine-bundle-travel-minis","status":"publish","type":"product","link":"https:\/\/www.lantestina.com\/de\/produkt\/routine-bundle-travel-minis\/","title":{"rendered":"Routine-Bundle Travel Minis"},"content":{"rendered":"","protected":false},"excerpt":{"rendered":"<p data-start=\"283\" data-end=\"558\">Wenn Sie die Lantestina-Produkte vor dem Kauf in Originalgr\u00f6\u00dfe erst einmal testen m\u00f6chten, ist dieses Bundle die ideale Wahl. Erleben Sie Textur, Duft und Wirkung direkt auf Ihrer Haut \u2013 in praktischen Mini-Gr\u00f6\u00dfen. Perfekt zum Ausprobieren, f\u00fcr unterwegs oder auf Reisen.<\/p>\n<p>\u2022 <em>PureMelt Radiance Balm<\/em> (5 mL)<br \/>\nEin seidiger Reinigungsbalsam mit leichten \u00d6len, der sich in Verbindung mit Wasser in eine sanfte Reinigungsmilch verwandelt. Entfernt gr\u00fcndlich Make-up und Unreinheiten, w\u00e4hrend die Haut weich, gepflegt und erfrischt zur\u00fcckbleibt.<br \/>\nHero-Inhaltsstoffe: Aprikosenkern\u00f6l, Haselnuss\u00f6l, Apfelsamen\u00f6l<\/p>\n<p>\u2022 <em>Floral Renewal Essence<\/em> (4 mL)<br \/>\nDiese intensiv feuchtigkeitsspendende Essence ist angereichert mit pflanzlicher Hyalurons\u00e4ure, Pr\u00e4biotika und acht ausgew\u00e4hlten Pflanzenextrakten \u2013 f\u00fcr ein ausgeglichenes, revitalisiertes Hautbild und einen nat\u00fcrlichen Glow.<br \/>\nHero-Inhaltsstoffe: Gro\u00dfer Wiesenknopf, Tremella fuciformis, Rosenhydrolat, Lactobacillus-Ferment-Lysat<\/p>\n<p>\u2022 <em>Complexion Bliss Cream<\/em> (5 mL)<br \/>\nEine reichhaltige, feuchtigkeitsspendende Pflegecreme mit pflanzlicher Hyalurons\u00e4ure und kaltgepressten Samen\u00f6len \u2013 f\u00fcr einen sichtbar gesunden, strahlenden Teint.<br \/>\nHero-Inhaltsstoffe: Gro\u00dfer Wiesenknopf, Tremella fuciformis, Mohnsamen\u00f6l, Himbeersamen\u00f6l, Aprikosenkern\u00f6l, Haselnuss\u00f6l<\/p>\n<p>\u2022 <em>FlutterSoft Elixir<\/em> (2 mL)<br \/>\nEin luxuri\u00f6ses Gesichts\u00f6l aus kaltgepressten, schnell einziehenden \u00d6len \u2013 als abschlie\u00dfender Pflegeschritt zum Schutz und zur St\u00e4rkung der Hautbarriere. Hinterl\u00e4sst ein geschmeidiges, gepflegtes Hautgef\u00fchl.<br \/>\nHero-Inhaltsstoffe: Pflaumenkern\u00f6l, Mohnsamen\u00f6l, Aprikosenkern\u00f6l, Haselnuss\u00f6l, Wildrosen\u00f6l, Apfelsamen\u00f6l<\/p>\n<p>Das Set enth\u00e4lt alle essenziellen Schritte \u2013 Reinigung, Hydration und Pflege \u2013 und erm\u00f6glicht Ihnen ein vollst\u00e4ndiges Lantestina Ritual Skincare-Erlebnis.<\/p>\n","protected":false},"featured_media":11904,"comment_status":"closed","ping_status":"closed","template":"","meta":{"_kad_blocks_custom_css":"","_kad_blocks_head_custom_js":"","_kad_blocks_body_custom_js":"","_kad_blocks_footer_custom_js":"","_kadence_starter_templates_imported_post":false,"_kad_post_transparent":"default","_kad_post_title":"","_kad_post_layout":"default","_kad_post_sidebar_id":"","_kad_post_content_style":"default","_kad_post_vertical_padding":"default","_kad_post_feature":"","_kad_post_feature_position":"","_kad_post_header":false,"_kad_post_footer":false,"_kad_post_classname":"","iawp_total_views":21},"product_brand":[],"product_cat":[86],"product_tag":[],"class_list":{"0":"post-9771","1":"product","2":"type-product","3":"status-publish","4":"has-post-thumbnail","6":"product_cat-bundle","8":"first","9":"instock","10":"taxable","11":"shipping-taxable","12":"purchasable","13":"product-type-simple","14":"entry","15":"content-bg","16":"loop-entry"},"taxonomy_info":{"product_cat":[{"value":86,"label":"Bundle"}]},"featured_image_src_large":["https:\/\/www.lantestina.com\/wp-content\/uploads\/Lantestina-Routine-Bundle-Travel-Minis-1024x683.jpg",1024,683,true],"author_info":[],"comment_info":3,"_links":{"self":[{"href":"https:\/\/www.lantestina.com\/de\/wp-json\/wp\/v2\/product\/9771","targetHints":{"allow":["GET"]}}],"collection":[{"href":"https:\/\/www.lantestina.com\/de\/wp-json\/wp\/v2\/product"}],"about":[{"href":"https:\/\/www.lantestina.com\/de\/wp-json\/wp\/v2\/types\/product"}],"replies":[{"embeddable":true,"href":"https:\/\/www.lantestina.com\/de\/wp-json\/wp\/v2\/comments?post=9771"}],"wp:featuredmedia":[{"embeddable":true,"href":"https:\/\/www.lantestina.com\/de\/wp-json\/wp\/v2\/media\/11904"}],"wp:attachment":[{"href":"https:\/\/www.lantestina.com\/de\/wp-json\/wp\/v2\/media?parent=9771"}],"wp:term":[{"taxonomy":"product_brand","embeddable":true,"href":"https:\/\/www.lantestina.com\/de\/wp-json\/wp\/v2\/product_brand?post=9771"},{"taxonomy":"product_cat","embeddable":true,"href":"https:\/\/www.lantestina.com\/de\/wp-json\/wp\/v2\/product_cat?post=9771"},{"taxonomy":"product_tag","embeddable":true,"href":"https:\/\/www.lantestina.com\/de\/wp-json\/wp\/v2\/product_tag?post=9771"}],"curies":[{"name":"wp","href":"https:\/\/api.w.org\/{rel}","templated":true}]}}