{"id":3177,"date":"2025-04-01T14:53:13","date_gmt":"2025-04-01T12:53:13","guid":{"rendered":"https:\/\/lantestina.lifty.agency\/product\/pure-melt-radiance-balm\/"},"modified":"2026-01-21T11:52:41","modified_gmt":"2026-01-21T10:52:41","slug":"pure-melt-radiance-balm","status":"publish","type":"product","link":"https:\/\/www.lantestina.com\/de\/produkt\/pure-melt-radiance-balm\/","title":{"rendered":"PureMelt Radiance Balm"},"content":{"rendered":"","protected":false},"excerpt":{"rendered":"<p>Ein Balsam aus leichten \u00d6len, der sich mit Wasser verbindet, um Unreinheiten und Make-up sanft zu l\u00f6sen. Die Haut f\u00fchlt sich anschlie\u00dfend glatt, gepflegt und erfrischt an.<\/p>\n","protected":false},"featured_media":9113,"comment_status":"open","ping_status":"closed","template":"","meta":{"_kad_blocks_custom_css":"","_kad_blocks_head_custom_js":"","_kad_blocks_body_custom_js":"","_kad_blocks_footer_custom_js":"","_kadence_starter_templates_imported_post":false,"_kad_post_transparent":"default","_kad_post_title":"","_kad_post_layout":"default","_kad_post_sidebar_id":"","_kad_post_content_style":"default","_kad_post_vertical_padding":"default","_kad_post_feature":"","_kad_post_feature_position":"","_kad_post_header":false,"_kad_post_footer":false,"_kad_post_classname":"","iawp_total_views":20},"product_brand":[],"product_cat":[68],"product_tag":[],"class_list":{"0":"post-3177","1":"product","2":"type-product","3":"status-publish","4":"has-post-thumbnail","6":"product_cat-balm","8":"first","9":"instock","10":"taxable","11":"shipping-taxable","12":"purchasable","13":"product-type-simple","14":"entry","15":"content-bg","16":"loop-entry"},"taxonomy_info":{"product_cat":[{"value":68,"label":"Balm"}]},"featured_image_src_large":["https:\/\/www.lantestina.com\/wp-content\/uploads\/LANTESTINA-PureMelt-Radiance-Balm-2-1024x683.jpg",1024,683,true],"author_info":[],"comment_info":1,"_links":{"self":[{"href":"https:\/\/www.lantestina.com\/de\/wp-json\/wp\/v2\/product\/3177","targetHints":{"allow":["GET"]}}],"collection":[{"href":"https:\/\/www.lantestina.com\/de\/wp-json\/wp\/v2\/product"}],"about":[{"href":"https:\/\/www.lantestina.com\/de\/wp-json\/wp\/v2\/types\/product"}],"replies":[{"embeddable":true,"href":"https:\/\/www.lantestina.com\/de\/wp-json\/wp\/v2\/comments?post=3177"}],"wp:featuredmedia":[{"embeddable":true,"href":"https:\/\/www.lantestina.com\/de\/wp-json\/wp\/v2\/media\/9113"}],"wp:attachment":[{"href":"https:\/\/www.lantestina.com\/de\/wp-json\/wp\/v2\/media?parent=3177"}],"wp:term":[{"taxonomy":"product_brand","embeddable":true,"href":"https:\/\/www.lantestina.com\/de\/wp-json\/wp\/v2\/product_brand?post=3177"},{"taxonomy":"product_cat","embeddable":true,"href":"https:\/\/www.lantestina.com\/de\/wp-json\/wp\/v2\/product_cat?post=3177"},{"taxonomy":"product_tag","embeddable":true,"href":"https:\/\/www.lantestina.com\/de\/wp-json\/wp\/v2\/product_tag?post=3177"}],"curies":[{"name":"wp","href":"https:\/\/api.w.org\/{rel}","templated":true}]}}