{"id":3011,"date":"2025-02-01T14:53:13","date_gmt":"2025-02-01T13:53:13","guid":{"rendered":"https:\/\/lantestina.lifty.agency\/product\/floral-renewal-essence\/"},"modified":"2026-01-23T17:59:19","modified_gmt":"2026-01-23T16:59:19","slug":"floral-renewal-essence","status":"publish","type":"product","link":"https:\/\/www.lantestina.com\/de\/produkt\/floral-renewal-essence\/","title":{"rendered":"Floral Renewal Essence"},"content":{"rendered":"<p>Our <span data-sheets-root=\"1\">Floral Renewal Essence&#8230;<\/span><\/p>\n","protected":false},"excerpt":{"rendered":"<p>Eine feuchtigkeitsspendende Gesichtsessenz mit botanischer Hyalurons\u00e4ure, Pr\u00e4biotika und 8 Pflanzenextrakten f\u00fcr einen ausgeglichenen und revitalisierten Teint.<\/p>\n","protected":false},"featured_media":9092,"comment_status":"open","ping_status":"closed","template":"","meta":{"_kad_blocks_custom_css":"","_kad_blocks_head_custom_js":"","_kad_blocks_body_custom_js":"","_kad_blocks_footer_custom_js":"","_kadence_starter_templates_imported_post":false,"_kad_post_transparent":"default","_kad_post_title":"","_kad_post_layout":"default","_kad_post_sidebar_id":"","_kad_post_content_style":"default","_kad_post_vertical_padding":"default","_kad_post_feature":"","_kad_post_feature_position":"","_kad_post_header":false,"_kad_post_footer":false,"_kad_post_classname":"","iawp_total_views":34},"product_brand":[],"product_cat":[63],"product_tag":[],"class_list":{"0":"post-3011","1":"product","2":"type-product","3":"status-publish","4":"has-post-thumbnail","6":"product_cat-essence","8":"first","9":"instock","10":"taxable","11":"shipping-taxable","12":"purchasable","13":"product-type-simple","14":"entry","15":"content-bg","16":"loop-entry"},"taxonomy_info":{"product_cat":[{"value":63,"label":"Essence"}]},"featured_image_src_large":["https:\/\/www.lantestina.com\/wp-content\/uploads\/LANTESTINA-Floral-Renewal-Essence-1-1-1024x683.jpg",1024,683,true],"author_info":[],"comment_info":1,"_links":{"self":[{"href":"https:\/\/www.lantestina.com\/de\/wp-json\/wp\/v2\/product\/3011","targetHints":{"allow":["GET"]}}],"collection":[{"href":"https:\/\/www.lantestina.com\/de\/wp-json\/wp\/v2\/product"}],"about":[{"href":"https:\/\/www.lantestina.com\/de\/wp-json\/wp\/v2\/types\/product"}],"replies":[{"embeddable":true,"href":"https:\/\/www.lantestina.com\/de\/wp-json\/wp\/v2\/comments?post=3011"}],"wp:featuredmedia":[{"embeddable":true,"href":"https:\/\/www.lantestina.com\/de\/wp-json\/wp\/v2\/media\/9092"}],"wp:attachment":[{"href":"https:\/\/www.lantestina.com\/de\/wp-json\/wp\/v2\/media?parent=3011"}],"wp:term":[{"taxonomy":"product_brand","embeddable":true,"href":"https:\/\/www.lantestina.com\/de\/wp-json\/wp\/v2\/product_brand?post=3011"},{"taxonomy":"product_cat","embeddable":true,"href":"https:\/\/www.lantestina.com\/de\/wp-json\/wp\/v2\/product_cat?post=3011"},{"taxonomy":"product_tag","embeddable":true,"href":"https:\/\/www.lantestina.com\/de\/wp-json\/wp\/v2\/product_tag?post=3011"}],"curies":[{"name":"wp","href":"https:\/\/api.w.org\/{rel}","templated":true}]}}