{"id":2832,"date":"2025-01-01T11:16:20","date_gmt":"2025-01-01T10:16:20","guid":{"rendered":"https:\/\/lantestina.lifty.agency\/product\/complexion-bliss-cream\/"},"modified":"2026-01-23T11:22:54","modified_gmt":"2026-01-23T10:22:54","slug":"complexion-bliss-creme","status":"publish","type":"product","link":"https:\/\/www.lantestina.com\/de\/produkt\/complexion-bliss-creme\/","title":{"rendered":"Complexion Bliss Creme"},"content":{"rendered":"","protected":false},"excerpt":{"rendered":"<p>Feuchtigkeitsspendende und pflegende Creme mit pflanzlicher Hyalurons\u00e4ure und kaltgepressten Samen\u00f6len f\u00fcr einen gesunden, strahlenden Teint.<\/p>\n","protected":false},"featured_media":9086,"comment_status":"closed","ping_status":"closed","template":"","meta":{"_kad_blocks_custom_css":"","_kad_blocks_head_custom_js":"","_kad_blocks_body_custom_js":"","_kad_blocks_footer_custom_js":"","_kadence_starter_templates_imported_post":false,"_kad_post_transparent":"default","_kad_post_title":"","_kad_post_layout":"default","_kad_post_sidebar_id":"","_kad_post_content_style":"default","_kad_post_vertical_padding":"default","_kad_post_feature":"","_kad_post_feature_position":"","_kad_post_header":false,"_kad_post_footer":false,"_kad_post_classname":"","iawp_total_views":43},"product_brand":[],"product_cat":[57],"product_tag":[],"class_list":{"0":"post-2832","1":"product","2":"type-product","3":"status-publish","4":"has-post-thumbnail","6":"product_cat-cream","8":"first","9":"instock","10":"taxable","11":"shipping-taxable","12":"purchasable","13":"product-type-simple","14":"entry","15":"content-bg","16":"loop-entry"},"taxonomy_info":{"product_cat":[{"value":57,"label":"Creme"}]},"featured_image_src_large":["https:\/\/www.lantestina.com\/wp-content\/uploads\/LANTESTINA-Complexion-Bliss-Creme-2-1024x683.jpg",1024,683,true],"author_info":[],"comment_info":9,"_links":{"self":[{"href":"https:\/\/www.lantestina.com\/de\/wp-json\/wp\/v2\/product\/2832","targetHints":{"allow":["GET"]}}],"collection":[{"href":"https:\/\/www.lantestina.com\/de\/wp-json\/wp\/v2\/product"}],"about":[{"href":"https:\/\/www.lantestina.com\/de\/wp-json\/wp\/v2\/types\/product"}],"replies":[{"embeddable":true,"href":"https:\/\/www.lantestina.com\/de\/wp-json\/wp\/v2\/comments?post=2832"}],"wp:featuredmedia":[{"embeddable":true,"href":"https:\/\/www.lantestina.com\/de\/wp-json\/wp\/v2\/media\/9086"}],"wp:attachment":[{"href":"https:\/\/www.lantestina.com\/de\/wp-json\/wp\/v2\/media?parent=2832"}],"wp:term":[{"taxonomy":"product_brand","embeddable":true,"href":"https:\/\/www.lantestina.com\/de\/wp-json\/wp\/v2\/product_brand?post=2832"},{"taxonomy":"product_cat","embeddable":true,"href":"https:\/\/www.lantestina.com\/de\/wp-json\/wp\/v2\/product_cat?post=2832"},{"taxonomy":"product_tag","embeddable":true,"href":"https:\/\/www.lantestina.com\/de\/wp-json\/wp\/v2\/product_tag?post=2832"}],"curies":[{"name":"wp","href":"https:\/\/api.w.org\/{rel}","templated":true}]}}