{"id":11096,"date":"2025-12-01T15:42:14","date_gmt":"2025-12-01T14:42:14","guid":{"rendered":"https:\/\/www.lantestina.com\/?post_type=product&#038;p=11096"},"modified":"2026-01-23T16:36:15","modified_gmt":"2026-01-23T15:36:15","slug":"gestalten-sie-ihre-geschenkbox-persoenliche-produktauswahl","status":"publish","type":"product","link":"https:\/\/www.lantestina.com\/de\/produkt\/gestalten-sie-ihre-geschenkbox-persoenliche-produktauswahl\/","title":{"rendered":"Gestalten Sie Ihre Geschenkbox (pers\u00f6nliche Produktauswahl)"},"content":{"rendered":"","protected":false},"excerpt":{"rendered":"<div class=\"kwt-excerpt-wrap woocommerce-product-details__short-description kwt-excerpt-_b38774-46 kwt-excerpt-single wp-block-kadence-wootemplate-blocks-excerpt\">\n<p data-start=\"190\" data-end=\"528\">W\u00e4hlen Sie <strong>zwei bis vier verschiedene Produkte<\/strong> aus unserer Signature-Kollektion. Wir verpacken diese in eine wundersch\u00f6ne handgefertigte Geschenkbox mit einer Satinschleife &#8211; bereit, jemandem eine echte Freude zu bereiten, sei es als Weihnachtsgeschenk, zum Geburtstag oder einfach als kleine \u201eIch denke an dich\u201c- \u00dcberraschung.<\/p>\n<p data-start=\"530\" data-end=\"645\">Sie w\u00e4hlen die Produkte aus. Wir gestalten und versenden die sch\u00f6ne \u00dcberraschung. Ihre Liebsten werden sich freuen.<\/p>\n<p data-start=\"1264\" data-end=\"1286\">So funktioniert\u2019s:<\/p>\n<p>1. W\u00e4hlen Sie Ihre Lieblingskombination aus<br data-start=\"1331\" data-end=\"1334\" \/>W\u00e4hlen Sie die Produkte f\u00fcr Ihre Geschenkbox aus (mindestens zwei und maximal vier verschiedene):<br \/>\n<em>\u25cf PureMelt Radiance Balm<\/em><br \/>\n<em>\u25cf Floral Renewal Essence<\/em><br \/>\n<em>\u25cf Complexion Bliss Cream<\/em><br \/>\n<em>\u25cf FlutterSoft Elixir<\/em><\/p>\n<p>2. Wir verpacken &amp; versenden Ihr Geschenk<br data-start=\"1548\" data-end=\"1551\" \/>Ihre Sch\u00e4tze werden in eine hochwertige matte Box mit passgenauen Eins\u00e4tzen gelegt, mit einer Satinschleife verziert und direkt an die gl\u00fcckliche Person (oder an Sie) versendet.<\/p>\n<\/div>\n","protected":false},"featured_media":11414,"comment_status":"closed","ping_status":"closed","template":"","meta":{"_kad_blocks_custom_css":"","_kad_blocks_head_custom_js":"","_kad_blocks_body_custom_js":"","_kad_blocks_footer_custom_js":"","_kadence_starter_templates_imported_post":false,"_kad_post_transparent":"default","_kad_post_title":"","_kad_post_layout":"default","_kad_post_sidebar_id":"","_kad_post_content_style":"default","_kad_post_vertical_padding":"default","_kad_post_feature":"","_kad_post_feature_position":"","_kad_post_header":false,"_kad_post_footer":false,"_kad_post_classname":"","iawp_total_views":11},"product_brand":[],"product_cat":[86],"product_tag":[],"class_list":{"0":"post-11096","1":"product","2":"type-product","3":"status-publish","4":"has-post-thumbnail","6":"product_cat-bundle","8":"first","9":"instock","10":"taxable","11":"shipping-taxable","12":"purchasable","13":"product-type-easy_product_bundle","14":"entry","15":"content-bg","16":"loop-entry"},"taxonomy_info":{"product_cat":[{"value":86,"label":"Bundle"}]},"featured_image_src_large":["https:\/\/www.lantestina.com\/wp-content\/uploads\/Lantestina-Gift-Box-Holidays-Winter-Web-2-e1769182567826-1024x699.jpg",1024,699,true],"author_info":[],"comment_info":3,"_links":{"self":[{"href":"https:\/\/www.lantestina.com\/de\/wp-json\/wp\/v2\/product\/11096","targetHints":{"allow":["GET"]}}],"collection":[{"href":"https:\/\/www.lantestina.com\/de\/wp-json\/wp\/v2\/product"}],"about":[{"href":"https:\/\/www.lantestina.com\/de\/wp-json\/wp\/v2\/types\/product"}],"replies":[{"embeddable":true,"href":"https:\/\/www.lantestina.com\/de\/wp-json\/wp\/v2\/comments?post=11096"}],"wp:featuredmedia":[{"embeddable":true,"href":"https:\/\/www.lantestina.com\/de\/wp-json\/wp\/v2\/media\/11414"}],"wp:attachment":[{"href":"https:\/\/www.lantestina.com\/de\/wp-json\/wp\/v2\/media?parent=11096"}],"wp:term":[{"taxonomy":"product_brand","embeddable":true,"href":"https:\/\/www.lantestina.com\/de\/wp-json\/wp\/v2\/product_brand?post=11096"},{"taxonomy":"product_cat","embeddable":true,"href":"https:\/\/www.lantestina.com\/de\/wp-json\/wp\/v2\/product_cat?post=11096"},{"taxonomy":"product_tag","embeddable":true,"href":"https:\/\/www.lantestina.com\/de\/wp-json\/wp\/v2\/product_tag?post=11096"}],"curies":[{"name":"wp","href":"https:\/\/api.w.org\/{rel}","templated":true}]}}