{"id":10163,"date":"2025-06-09T14:23:28","date_gmt":"2025-06-09T12:23:28","guid":{"rendered":"https:\/\/lantestina.lifty.agency\/cancellation-policy\/"},"modified":"2025-06-09T15:13:57","modified_gmt":"2025-06-09T13:13:57","slug":"cancellation-policy","status":"publish","type":"page","link":"https:\/\/www.lantestina.com\/de\/cancellation-policy\/","title":{"rendered":"Widerrufsrecht"},"content":{"rendered":"<style>.kb-row-layout-id10163_57e379-43 > .kt-row-column-wrap{align-content:start;}:where(.kb-row-layout-id10163_57e379-43 > .kt-row-column-wrap) > .wp-block-kadence-column{justify-content:start;}.kb-row-layout-id10163_57e379-43 > .kt-row-column-wrap{column-gap:var(--global-kb-gap-md, 2rem);row-gap:var(--global-kb-gap-md, 2rem);max-width:var( --global-content-width, 1920px );padding-left:var(--global-content-edge-padding);padding-right:var(--global-content-edge-padding);padding-top:0px;padding-right:var(--global-kb-spacing-xxs, 0.5rem);padding-bottom:0px;padding-left:var(--global-kb-spacing-xxs, 0.5rem);grid-template-columns:minmax(0, 1fr);}.kb-row-layout-id10163_57e379-43 > .kt-row-layout-overlay{opacity:0.30;}@media all and (max-width: 1024px){.kb-row-layout-id10163_57e379-43 > .kt-row-column-wrap{padding-right:0px;padding-left:0px;grid-template-columns:minmax(0, 1fr);}}@media all and (max-width: 767px){.kb-row-layout-id10163_57e379-43 > .kt-row-column-wrap{grid-template-columns:minmax(0, 1fr);}}<\/style><div class=\"kb-row-layout-wrap kb-row-layout-id10163_57e379-43 alignnone wp-block-kadence-rowlayout\"><div class=\"kt-row-column-wrap kt-has-1-columns kt-row-layout-equal kt-tab-layout-inherit kt-mobile-layout-row kt-row-valign-top kb-theme-content-width\">\n<style>.kadence-column10163_18cfef-9c > .kt-inside-inner-col,.kadence-column10163_18cfef-9c > .kt-inside-inner-col:before{border-top-left-radius:0px;border-top-right-radius:0px;border-bottom-right-radius:0px;border-bottom-left-radius:0px;}.kadence-column10163_18cfef-9c > .kt-inside-inner-col{column-gap:var(--global-kb-gap-sm, 1rem);}.kadence-column10163_18cfef-9c > .kt-inside-inner-col{flex-direction:column;}.kadence-column10163_18cfef-9c > .kt-inside-inner-col > .aligncenter{width:100%;}.kadence-column10163_18cfef-9c > .kt-inside-inner-col:before{opacity:0.3;}.kadence-column10163_18cfef-9c{position:relative;}@media all and (max-width: 1024px){.kadence-column10163_18cfef-9c > .kt-inside-inner-col{flex-direction:column;justify-content:center;}}@media all and (max-width: 767px){.kadence-column10163_18cfef-9c > .kt-inside-inner-col{flex-direction:column;justify-content:center;}}<\/style>\n<div class=\"wp-block-kadence-column kadence-column10163_18cfef-9c\"><div class=\"kt-inside-inner-col\"><style>.wp-block-kadence-advancedheading.kt-adv-heading10163_d4e1ef-21, .wp-block-kadence-advancedheading.kt-adv-heading10163_d4e1ef-21[data-kb-block=\"kb-adv-heading10163_d4e1ef-21\"]{margin-bottom:0px;font-style:normal;}.wp-block-kadence-advancedheading.kt-adv-heading10163_d4e1ef-21 mark.kt-highlight, .wp-block-kadence-advancedheading.kt-adv-heading10163_d4e1ef-21[data-kb-block=\"kb-adv-heading10163_d4e1ef-21\"] mark.kt-highlight{font-style:normal;color:#f76a0c;-webkit-box-decoration-break:clone;box-decoration-break:clone;padding-top:0px;padding-right:0px;padding-bottom:0px;padding-left:0px;}.wp-block-kadence-advancedheading.kt-adv-heading10163_d4e1ef-21 img.kb-inline-image, .wp-block-kadence-advancedheading.kt-adv-heading10163_d4e1ef-21[data-kb-block=\"kb-adv-heading10163_d4e1ef-21\"] img.kb-inline-image{width:150px;vertical-align:baseline;}<\/style>\n<p class=\"kt-adv-heading10163_d4e1ef-21 wp-block-kadence-advancedheading\" data-kb-block=\"kb-adv-heading10163_d4e1ef-21\">Wenn Sie Verbraucher sind (d.\u202fh. eine nat\u00fcrliche Person, die eine Bestellung zu Zwecken aufgibt, die \u00fcberwiegend weder Ihrer gewerblichen noch Ihrer selbstst\u00e4ndigen beruflichen T\u00e4tigkeit zugerechnet werden k\u00f6nnen), steht Ihnen nach den gesetzlichen Bestimmungen ein Widerrufsrecht zu.<br><br>Wenn Sie Ihr Widerrufsrecht als Verbraucher gem\u00e4\u00df obigem Abschnitt aus\u00fcben m\u00f6chten, beachten Sie bitte unsere R\u00fcckgaberichtlinien.<br><br>Weitere Einzelheiten zum Widerrufsrecht finden Sie in der folgenden Widerrufsbelehrung.<br><br>Widerrufsrecht<br>Sie haben das Recht, binnen vierzehn Tagen ohne Angabe von Gr\u00fcnden diesen Vertrag zu widerrufen.<br>Die Widerrufsfrist betr\u00e4gt vierzehn Tage ab dem Tag, an dem Sie oder ein von Ihnen benannter Dritter, der nicht der Bef\u00f6rderer ist, die Waren in Besitz genommen haben bzw. hat.<br>Um Ihr Widerrufsrecht auszu\u00fcben, beachten Sie bitte unsere R\u00fcckgaberichtlinien oder kontaktieren Sie uns unter <a>info@lantestina.com<\/a>.<\/p>\n\n\n\n<p>Zur Wahrung der Widerrufsfrist reicht es aus, dass Sie die Mitteilung \u00fcber die Aus\u00fcbung des Widerrufsrechts vor Ablauf der Widerrufsfrist absenden.<\/p>\n\n\n\n<p>Folgen des Widerrufs<br>Wenn Sie diesen Vertrag widerrufen, erstatten wir Ihnen alle Zahlungen, die wir von Ihnen erhalten haben, abz\u00fcglich der R\u00fccksendekosten. Die R\u00fcckzahlung erfolgt \u00fcber dasselbe Zahlungsmittel, das Sie bei der urspr\u00fcnglichen Transaktion eingesetzt haben. Die Erstattung erfolgt, sobald wir die zur\u00fcckgesendete Ware erhalten und gepr\u00fcft haben.<br><br>Sie haben die Waren unverz\u00fcglich und in jedem Fall sp\u00e4testens binnen vierzehn Tagen ab dem Tag, an dem Sie uns \u00fcber den Widerruf dieses Vertrags unterrichten, an uns (oder ggf. an den benannten Empf\u00e4nger) zur\u00fcckzusenden oder zu \u00fcbergeben. Die Frist ist gewahrt, wenn Sie die Waren vor Ablauf der Frist von vierzehn Tagen absenden.<\/p>\n\n\n\n<p>Sie m\u00fcssen f\u00fcr einen etwaigen Wertverlust der Waren nur aufkommen, wenn dieser Wertverlust auf einen zur Pr\u00fcfung der Beschaffenheit, Eigenschaften und Funktionsweise der Waren nicht notwendigen Umgang mit ihnen zur\u00fcckzuf\u00fchren ist.<br><br><br>\u2013 Ende der Widerrufsbelehrung \u2013<\/p>\n<\/div><\/div>\n\n<\/div><\/div>","protected":false},"excerpt":{"rendered":"<p>Wenn Sie Verbraucher sind (d.\u202fh. eine nat\u00fcrliche Person, die eine Bestellung zu Zwecken aufgibt, die \u00fcberwiegend weder Ihrer gewerblichen noch Ihrer selbstst\u00e4ndigen beruflichen T\u00e4tigkeit zugerechnet werden k\u00f6nnen), steht Ihnen nach den gesetzlichen Bestimmungen ein Widerrufsrecht zu. Wenn Sie Ihr Widerrufsrecht als Verbraucher gem\u00e4\u00df obigem Abschnitt aus\u00fcben m\u00f6chten, beachten Sie bitte unsere R\u00fcckgaberichtlinien. Weitere Einzelheiten zum&#8230;<\/p>\n","protected":false},"author":2,"featured_media":0,"parent":0,"menu_order":0,"comment_status":"closed","ping_status":"closed","template":"","meta":{"_kad_blocks_custom_css":"","_kad_blocks_head_custom_js":"","_kad_blocks_body_custom_js":"","_kad_blocks_footer_custom_js":"","_kadence_starter_templates_imported_post":false,"_kad_post_transparent":"disable","_kad_post_title":"show","_kad_post_layout":"normal","_kad_post_sidebar_id":"","_kad_post_content_style":"unboxed","_kad_post_vertical_padding":"show","_kad_post_feature":"","_kad_post_feature_position":"","_kad_post_header":false,"_kad_post_footer":false,"_kad_post_classname":"","iawp_total_views":2,"footnotes":""},"class_list":["post-10163","page","type-page","status-publish","hentry"],"taxonomy_info":[],"featured_image_src_large":false,"author_info":{"display_name":"Viktoria","author_link":"https:\/\/www.lantestina.com\/de\/author\/viktoria\/"},"comment_info":0,"_links":{"self":[{"href":"https:\/\/www.lantestina.com\/de\/wp-json\/wp\/v2\/pages\/10163","targetHints":{"allow":["GET"]}}],"collection":[{"href":"https:\/\/www.lantestina.com\/de\/wp-json\/wp\/v2\/pages"}],"about":[{"href":"https:\/\/www.lantestina.com\/de\/wp-json\/wp\/v2\/types\/page"}],"author":[{"embeddable":true,"href":"https:\/\/www.lantestina.com\/de\/wp-json\/wp\/v2\/users\/2"}],"replies":[{"embeddable":true,"href":"https:\/\/www.lantestina.com\/de\/wp-json\/wp\/v2\/comments?post=10163"}],"version-history":[{"count":0,"href":"https:\/\/www.lantestina.com\/de\/wp-json\/wp\/v2\/pages\/10163\/revisions"}],"wp:attachment":[{"href":"https:\/\/www.lantestina.com\/de\/wp-json\/wp\/v2\/media?parent=10163"}],"curies":[{"name":"wp","href":"https:\/\/api.w.org\/{rel}","templated":true}]}}