{"id":10153,"date":"2025-06-09T14:08:53","date_gmt":"2025-06-09T12:08:53","guid":{"rendered":"https:\/\/lantestina.lifty.agency\/general-terms\/"},"modified":"2025-06-09T15:47:31","modified_gmt":"2025-06-09T13:47:31","slug":"general-terms","status":"publish","type":"page","link":"https:\/\/www.lantestina.com\/de\/general-terms\/","title":{"rendered":"Allgemeine Gesch\u00e4ftsbedingungen"},"content":{"rendered":"<style>.kb-row-layout-id10153_a732a4-a9 > .kt-row-column-wrap{align-content:start;}:where(.kb-row-layout-id10153_a732a4-a9 > .kt-row-column-wrap) > .wp-block-kadence-column{justify-content:start;}.kb-row-layout-id10153_a732a4-a9 > .kt-row-column-wrap{column-gap:var(--global-kb-gap-md, 2rem);row-gap:var(--global-kb-gap-md, 2rem);max-width:var( --global-content-width, 1920px );padding-left:var(--global-content-edge-padding);padding-right:var(--global-content-edge-padding);padding-top:0px;padding-right:var(--global-kb-spacing-xxs, 0.5rem);padding-bottom:0px;padding-left:var(--global-kb-spacing-xxs, 0.5rem);grid-template-columns:minmax(0, 1fr);}.kb-row-layout-id10153_a732a4-a9 > .kt-row-layout-overlay{opacity:0.30;}@media all and (max-width: 1024px){.kb-row-layout-id10153_a732a4-a9 > .kt-row-column-wrap{padding-top:0px;padding-right:0px;padding-bottom:0px;padding-left:0px;grid-template-columns:minmax(0, 1fr);}}@media all and (max-width: 767px){.kb-row-layout-id10153_a732a4-a9 > .kt-row-column-wrap{padding-top:0px;padding-bottom:0px;grid-template-columns:minmax(0, 1fr);}}<\/style><div class=\"kb-row-layout-wrap kb-row-layout-id10153_a732a4-a9 alignnone wp-block-kadence-rowlayout\"><div class=\"kt-row-column-wrap kt-has-1-columns kt-row-layout-equal kt-tab-layout-inherit kt-mobile-layout-row kt-row-valign-top kb-theme-content-width\">\n<style>.kadence-column10153_c6194a-e5 > .kt-inside-inner-col,.kadence-column10153_c6194a-e5 > .kt-inside-inner-col:before{border-top-left-radius:0px;border-top-right-radius:0px;border-bottom-right-radius:0px;border-bottom-left-radius:0px;}.kadence-column10153_c6194a-e5 > .kt-inside-inner-col{column-gap:var(--global-kb-gap-sm, 1rem);}.kadence-column10153_c6194a-e5 > .kt-inside-inner-col{flex-direction:column;}.kadence-column10153_c6194a-e5 > .kt-inside-inner-col > .aligncenter{width:100%;}.kadence-column10153_c6194a-e5 > .kt-inside-inner-col:before{opacity:0.3;}.kadence-column10153_c6194a-e5{position:relative;}@media all and (max-width: 1024px){.kadence-column10153_c6194a-e5 > .kt-inside-inner-col{flex-direction:column;justify-content:center;}}@media all and (max-width: 767px){.kadence-column10153_c6194a-e5 > .kt-inside-inner-col{flex-direction:column;justify-content:center;}}<\/style>\n<div class=\"wp-block-kadence-column kadence-column10153_c6194a-e5\"><div class=\"kt-inside-inner-col\"><style>.wp-block-kadence-advancedheading.kt-adv-heading10153_caa685-d9, .wp-block-kadence-advancedheading.kt-adv-heading10153_caa685-d9[data-kb-block=\"kb-adv-heading10153_caa685-d9\"]{font-style:normal;}.wp-block-kadence-advancedheading.kt-adv-heading10153_caa685-d9 mark.kt-highlight, .wp-block-kadence-advancedheading.kt-adv-heading10153_caa685-d9[data-kb-block=\"kb-adv-heading10153_caa685-d9\"] mark.kt-highlight{font-style:normal;color:#f76a0c;-webkit-box-decoration-break:clone;box-decoration-break:clone;padding-top:0px;padding-right:0px;padding-bottom:0px;padding-left:0px;}.wp-block-kadence-advancedheading.kt-adv-heading10153_caa685-d9 img.kb-inline-image, .wp-block-kadence-advancedheading.kt-adv-heading10153_caa685-d9[data-kb-block=\"kb-adv-heading10153_caa685-d9\"] img.kb-inline-image{width:150px;vertical-align:baseline;}<\/style>\n<p class=\"kt-adv-heading10153_caa685-d9 wp-block-kadence-advancedheading\" data-kb-block=\"kb-adv-heading10153_caa685-d9\">1. Geltungsbereich<br><br>Diese Allgemeinen Gesch\u00e4ftsbedingungen (AGB) gelten f\u00fcr alle Lieferungen von Lantestina, vertreten durch Herbaria, uzgoj za\u010dinskog bilja, Ivana Klju\u010dari\u0107, und richten sich an Verbraucher.<br>Ein Verbraucher ist jede nat\u00fcrliche Person, die ein Rechtsgesch\u00e4ft zu Zwecken abschlie\u00dft, die \u00fcberwiegend weder ihrer gewerblichen noch ihrer selbstst\u00e4ndigen beruflichen T\u00e4tigkeit zugerechnet werden k\u00f6nnen.<br><br>2. Vertragspartner\u00a0<br>Der Kaufvertrag kommt zustande mit Herbaria, uzgoj za\u010dinskog bilja, Ivana Klju\u010dari\u0107, I.G. Kova\u010di\u0107a 96, 40311 Lopatinec, EU-Kroatien, eingetragen beim Handelsgericht Vara\u017edin, MB: 92227473, OIB: 46314085586.<br><br>3. Vertragsschluss<br><br>3.1. Die Darstellung der Produkte im Online-Shop stellt kein rechtlich bindendes Angebot, sondern eine Aufforderung zur Abgabe einer Bestellung dar.<br><br>3.2. Durch Anklicken des Buttons [Kaufen\/Zahlungspflichtig bestellen] geben Sie eine verbindliche Bestellung der auf der Bestellseite aufgelisteten Waren ab. Der Kaufvertrag kommt zustande, wenn wir Ihre Bestellung durch eine Auftragsbest\u00e4tigung per E-Mail unmittelbar nach dem Erhalt Ihrer Bestellung annehmen.<br><br>4. Widerrufsrecht<br><br>4.1. Wenn Sie Verbraucher sind (also eine nat\u00fcrliche Person, die die Bestellung zu einem Zweck aufgibt, der weder Ihrer gewerblichen noch Ihrer selbstst\u00e4ndigen beruflichen T\u00e4tigkeit zugerechnet werden kann), haben Sie ein gesetzliches Widerrufsrecht.<br><br>4.2. Wenn Sie von Ihrem Widerrufsrecht als Verbraucher gem\u00e4\u00df Ziffer 4.1 Gebrauch machen, beachten Sie bitte unsere R\u00fcckgaberichtlinie.<br><br>4.3. Weitere Einzelheiten zum Widerrufsrecht ergeben sich aus der nachfolgenden Widerrufsbelehrung.<br><br>Widerrufsbelehrung<br>Sie haben das Recht, binnen vierzehn Tagen ohne Angabe von Gr\u00fcnden diesen Vertrag zu widerrufen.<br>Die Widerrufsfrist betr\u00e4gt vierzehn Tage ab dem Tag, an dem Sie oder ein von Ihnen benannter Dritter, der nicht der Bef\u00f6rderer ist, die Waren in Besitz genommen haben bzw. hat.<br>Um Ihr Widerrufsrecht auszu\u00fcben, beachten Sie bitte unsere R\u00fcckgaberichtlinien oder kontaktieren Sie uns unter <a>info@lantestina.com<\/a>. Zur Wahrung der Widerrufsfrist reicht es aus, dass Sie die Mitteilung \u00fcber die Aus\u00fcbung des Widerrufsrechts vor Ablauf der Widerrufsfrist absenden.<br><br>Folgen des Widerrufs<br>Wenn Sie diesen Vertrag widerrufen, erstatten wir Ihnen alle Zahlungen, die wir von Ihnen erhalten haben, abz\u00fcglich der R\u00fccksendekosten. Die R\u00fcckzahlung erfolgt mit demselben Zahlungsmittel, das Sie bei der urspr\u00fcnglichen Transaktion eingesetzt haben. Die R\u00fcckerstattung erfolgt, sobald wir die zur\u00fcckgesandten Waren erhalten und gepr\u00fcft haben.<br>Sie haben die Waren unverz\u00fcglich und in jedem Fall sp\u00e4testens binnen vierzehn Tagen ab dem Tag, an dem Sie uns \u00fcber den Widerruf dieses Vertrags unterrichtet haben, an uns (bzw. ggf. an den angegebenen Empf\u00e4nger) zur\u00fcckzusenden oder zu \u00fcbergeben. Die Frist ist gewahrt, wenn Sie die Waren vor Ablauf der Frist von vierzehn Tagen absenden.<br><br>Sie m\u00fcssen f\u00fcr einen etwaigen Wertverlust der Waren nur aufkommen, wenn dieser Wertverlust auf einen zur Pr\u00fcfung der Beschaffenheit, Eigenschaften und Funktionsweise der Waren nicht notwendigen Umgang mit ihnen zur\u00fcckzuf\u00fchren ist.<\/p>\n\n\n\n<p>\u2013 Ende der Widerrufsbelehrung \u2013<\/p>\n\n\n\n<p>5. Preise und Versandkosten<br><br>5.1. Die auf den Produktseiten genannten Preise enthalten die gesetzliche Mehrwertsteuer und sonstige Preisbestandteile. Herbaria, uzgoj za\u010dinskog bilja, Ivana Klju\u010dari\u0107 beh\u00e4lt sich Preis\u00e4nderungen vor; Einzelheiten dazu finden Sie in unseren Lieferbedingungen. Die Versandkosten werden im Warenkorb beim Checkout angezeigt.<br><br>6. Lieferung<br><br>6.1. Die Lieferung erfolgt nur innerhalb Kroatiens und in EU-L\u00e4nder.<br><br>6.2. Die voraussichtliche Lieferzeit betr\u00e4gt ca. 1\u20132 Tage f\u00fcr Kroatien und 5\u20137 Tage f\u00fcr alle anderen EU-L\u00e4nder. Abweichungen und Ausnahmen sind m\u00f6glich. Bei Verz\u00f6gerungen informieren wir Sie per E-Mail.<br><br>7. Zahlung<br><br>7.1. Die Zahlung erfolgt \u00fcber die angegebenen Zahlungsmethoden.<br><br>8. Eigentumsvorbehalt<br><br>Die Ware bleibt bis zur vollst\u00e4ndigen Bezahlung unser Eigentum.<br><br>9. Gew\u00e4hrleistung bei Sachm\u00e4ngeln<br><br>Herbaria, uzgoj za\u010dinskog bilja, Ivana Klju\u010dari\u0107 haftet f\u00fcr Sachm\u00e4ngel nach den geltenden gesetzlichen Vorschriften.<br><br>10. Streitbeilegung<br><br>Die Europ\u00e4ische Kommission stellt eine Plattform zur Online-Streitbeilegung (OS) bereit, die als Anlaufstelle f\u00fcr die au\u00dfergerichtliche Beilegung von Streitigkeiten dient, die vertragliche Verpflichtungen aus Online-Kaufvertr\u00e4gen betreffen. Weitere Informationen finden Sie unter: <a class=\"\" href=\"http:\/\/ec.europa.eu\/consumers\/odr\" rel=\"nofollow noopener\" target=\"_blank\">http:\/\/ec.europa.eu\/consumers\/odr<\/a>.<br>Wir sind weder verpflichtet noch bereit, an einem Streitbeilegungsverfahren vor einer Verbraucherschlichtungsstelle teilzunehmen.<\/p>\n<\/div><\/div>\n\n<\/div><\/div>","protected":false},"excerpt":{"rendered":"<p>1. Geltungsbereich Diese Allgemeinen Gesch\u00e4ftsbedingungen (AGB) gelten f\u00fcr alle Lieferungen von Lantestina, vertreten durch Herbaria, uzgoj za\u010dinskog bilja, Ivana Klju\u010dari\u0107, und richten sich an Verbraucher.Ein Verbraucher ist jede nat\u00fcrliche Person, die ein Rechtsgesch\u00e4ft zu Zwecken abschlie\u00dft, die \u00fcberwiegend weder ihrer gewerblichen noch ihrer selbstst\u00e4ndigen beruflichen T\u00e4tigkeit zugerechnet werden k\u00f6nnen. 2. Vertragspartner\u00a0Der Kaufvertrag kommt zustande mit&#8230;<\/p>\n","protected":false},"author":2,"featured_media":0,"parent":0,"menu_order":0,"comment_status":"closed","ping_status":"closed","template":"","meta":{"_kad_blocks_custom_css":"","_kad_blocks_head_custom_js":"","_kad_blocks_body_custom_js":"","_kad_blocks_footer_custom_js":"","_kadence_starter_templates_imported_post":false,"_kad_post_transparent":"disable","_kad_post_title":"show","_kad_post_layout":"normal","_kad_post_sidebar_id":"","_kad_post_content_style":"unboxed","_kad_post_vertical_padding":"show","_kad_post_feature":"","_kad_post_feature_position":"","_kad_post_header":false,"_kad_post_footer":false,"_kad_post_classname":"","iawp_total_views":1,"footnotes":""},"class_list":["post-10153","page","type-page","status-publish","hentry"],"taxonomy_info":[],"featured_image_src_large":false,"author_info":{"display_name":"Viktoria","author_link":"https:\/\/www.lantestina.com\/de\/author\/viktoria\/"},"comment_info":0,"_links":{"self":[{"href":"https:\/\/www.lantestina.com\/de\/wp-json\/wp\/v2\/pages\/10153","targetHints":{"allow":["GET"]}}],"collection":[{"href":"https:\/\/www.lantestina.com\/de\/wp-json\/wp\/v2\/pages"}],"about":[{"href":"https:\/\/www.lantestina.com\/de\/wp-json\/wp\/v2\/types\/page"}],"author":[{"embeddable":true,"href":"https:\/\/www.lantestina.com\/de\/wp-json\/wp\/v2\/users\/2"}],"replies":[{"embeddable":true,"href":"https:\/\/www.lantestina.com\/de\/wp-json\/wp\/v2\/comments?post=10153"}],"version-history":[{"count":0,"href":"https:\/\/www.lantestina.com\/de\/wp-json\/wp\/v2\/pages\/10153\/revisions"}],"wp:attachment":[{"href":"https:\/\/www.lantestina.com\/de\/wp-json\/wp\/v2\/media?parent=10153"}],"curies":[{"name":"wp","href":"https:\/\/api.w.org\/{rel}","templated":true}]}}