{"id":10019,"date":"2025-06-08T17:19:06","date_gmt":"2025-06-08T15:19:06","guid":{"rendered":"https:\/\/lantestina.lifty.agency\/payment-and-shipping\/"},"modified":"2025-06-10T10:31:04","modified_gmt":"2025-06-10T08:31:04","slug":"zahlung-versand-lieferung","status":"publish","type":"page","link":"https:\/\/www.lantestina.com\/de\/zahlung-versand-lieferung\/","title":{"rendered":"Zahlung, Versand &amp; Lieferung"},"content":{"rendered":"<style>.kb-row-layout-id10019_a7639f-4c > .kt-row-column-wrap{align-content:start;}:where(.kb-row-layout-id10019_a7639f-4c > .kt-row-column-wrap) > .wp-block-kadence-column{justify-content:start;}.kb-row-layout-id10019_a7639f-4c > .kt-row-column-wrap{column-gap:var(--global-kb-gap-md, 2rem);row-gap:var(--global-kb-gap-md, 2rem);max-width:var( --global-content-width, 1920px );padding-left:var(--global-content-edge-padding);padding-right:var(--global-content-edge-padding);padding-top:0px;padding-right:var(--global-kb-spacing-xxs, 0.5rem);padding-bottom:0px;padding-left:var(--global-kb-spacing-xxs, 0.5rem);grid-template-columns:minmax(0, 1fr);}.kb-row-layout-id10019_a7639f-4c > .kt-row-layout-overlay{opacity:0.30;}@media all and (max-width: 1024px){.kb-row-layout-id10019_a7639f-4c > .kt-row-column-wrap{padding-top:0px;padding-right:0px;padding-bottom:0px;padding-left:0px;grid-template-columns:minmax(0, 1fr);}}@media all and (max-width: 767px){.kb-row-layout-wrap.wp-block-kadence-rowlayout.kb-row-layout-id10019_a7639f-4c{margin-bottom:0px;}.kb-row-layout-id10019_a7639f-4c > .kt-row-column-wrap{padding-right:0px;padding-bottom:0px;padding-left:0px;grid-template-columns:minmax(0, 1fr);}}<\/style><div class=\"kb-row-layout-wrap kb-row-layout-id10019_a7639f-4c alignnone wp-block-kadence-rowlayout\"><div class=\"kt-row-column-wrap kt-has-1-columns kt-row-layout-equal kt-tab-layout-inherit kt-mobile-layout-row kt-row-valign-top kb-theme-content-width\">\n<style>.kadence-column10019_6f747a-4d > .kt-inside-inner-col,.kadence-column10019_6f747a-4d > .kt-inside-inner-col:before{border-top-left-radius:0px;border-top-right-radius:0px;border-bottom-right-radius:0px;border-bottom-left-radius:0px;}.kadence-column10019_6f747a-4d > .kt-inside-inner-col{column-gap:var(--global-kb-gap-sm, 1rem);}.kadence-column10019_6f747a-4d > .kt-inside-inner-col{flex-direction:column;}.kadence-column10019_6f747a-4d > .kt-inside-inner-col > .aligncenter{width:100%;}.kadence-column10019_6f747a-4d > .kt-inside-inner-col:before{opacity:0.3;}.kadence-column10019_6f747a-4d{position:relative;}@media all and (max-width: 1024px){.kadence-column10019_6f747a-4d > .kt-inside-inner-col{flex-direction:column;justify-content:center;}}@media all and (max-width: 767px){.kadence-column10019_6f747a-4d > .kt-inside-inner-col{flex-direction:column;justify-content:center;}}<\/style>\n<div class=\"wp-block-kadence-column kadence-column10019_6f747a-4d\"><div class=\"kt-inside-inner-col\"><style>.kb-table-container10019_a4674e-72{font-size:var(--global-kb-font-size-sm, 0.9rem);font-family:var( --global-body-font-family, inherit );font-weight:400;padding-right:var(--global-kb-spacing-xxs, 0.5rem);padding-left:0px;overflow-x:auto;}.kb-table-container .kb-table10019_a4674e-72 th{letter-spacing:2px;font-family:'DM Sans';font-weight:400;text-transform:uppercase;color:var(--global-palette3, #1A202C);padding-top:var(--global-kb-spacing-xxs, 0.5rem);padding-right:var(--global-kb-spacing-xxs, 0.5rem);padding-bottom:var(--global-kb-spacing-xxs, 0.5rem);padding-left:var(--global-kb-spacing-xxs, 0.5rem);text-align:left;}.kb-table-container .kb-table10019_a4674e-72 caption{text-align:center;}.kb-table-container .kb-table10019_a4674e-72 td{padding-top:var(--global-kb-spacing-xxs, 0.5rem);padding-right:var(--global-kb-spacing-xxs, 0.5rem);padding-bottom:var(--global-kb-spacing-xxs, 0.5rem);padding-left:var(--global-kb-spacing-xxs, 0.5rem);text-align:left;}.kb-table-container .kb-table10019_a4674e-72 tr:nth-of-type(odd){background-color:var(--global-palette8, #F7FAFC);}@media all and (max-width: 767px){.kb-table-container10019_a4674e-72{padding-right:var(--global-kb-spacing-xxs, 0.5rem);}}<\/style><div class=\"kb-table-container kb-table-container10019_a4674e-72 wp-block-kadence-table\"><table class=\"kb-table kb-table10019_a4674e-72\">\n<tr class=\"kb-table-row kb-table-row10019_cf1dcb-5c\">\n<th class=\"kb-table-data kb-table-data10019_7100b2-1d\">\n\n<p class=\"has-text-align-left\" style=\"font-size:17px;letter-spacing:2px\">Standort        <\/p>\n\n<\/th>\n\n<th class=\"kb-table-data kb-table-data10019_c8bc80-58\">\n\n<p class=\"has-text-align-left\" style=\"font-size:17px;letter-spacing:2px\">Lieferzeit          <\/p>\n\n<\/th>\n\n<th class=\"kb-table-data kb-table-data10019_6a8181-55\">\n\n<p class=\"has-text-align-left\" style=\"font-size:17px;letter-spacing:2px\">Versandkosten<\/p>\n\n<\/th>\n\n<th class=\"kb-table-data kb-table-data10019_588314-6b\">\n\n<p class=\"has-text-align-left\" style=\"font-size:17px;letter-spacing:2px\">R\u00fccksendekosten<\/p>\n\n<\/th>\n\n<th class=\"kb-table-data kb-table-data10019_57fa46-5b\">\n\n<p class=\"has-text-align-left\" style=\"font-size:17px;letter-spacing:2px\">Kostenloser Versand<\/p>\n\n<\/th>\n<\/tr>\n\n<tr class=\"kb-table-row kb-table-row10019_3c3084-a2\">\n<td class=\"kb-table-data kb-table-data10019_a11e91-d1\">\n\n<p style=\"font-size:18px\">Kroatien<\/p>\n\n<\/td>\n\n<td class=\"kb-table-data kb-table-data10019_b7ff8a-12\">\n\n<p style=\"font-size:18px\">1\u20132 Werktage<\/p>\n\n<\/td>\n\n<td class=\"kb-table-data kb-table-data10019_1296ab-be\">\n\n<p style=\"padding-top:0;padding-bottom:0;font-size:18px\">5.00 \u20ac<\/p>\n\n<\/td>\n\n<td class=\"kb-table-data kb-table-data10019_a13380-d6\">\n\n<p style=\"padding-top:0;padding-bottom:0;font-size:18px\">2.00 \u20ac<\/p>\n\n<\/td>\n\n<td class=\"kb-table-data kb-table-data10019_ca9868-9e\">\n\n<p style=\"padding-top:0;padding-bottom:0;font-size:18px\">Bei Bestellungen \u00fcber 75 \u20ac<\/p>\n\n<\/td>\n<\/tr>\n\n<tr class=\"kb-table-row kb-table-row10019_9c2f33-54\">\n<td class=\"kb-table-data kb-table-data10019_433bb5-c1\">\n\n<p style=\"font-size:18px\">EU-L\u00e4nder*<\/p>\n\n<\/td>\n\n<td class=\"kb-table-data kb-table-data10019_2515a6-63\">\n\n<p style=\"font-size:18px\">5\u20137 Werktage<\/p>\n\n<\/td>\n\n<td class=\"kb-table-data kb-table-data10019_94d8d6-d0\">\n\n<p style=\"font-size:18px\">10.00 \u20ac<\/p>\n\n<\/td>\n\n<td class=\"kb-table-data kb-table-data10019_bd9fec-74\">\n\n<p style=\"font-size:18px\">4.00 \u20ac<\/p>\n\n<\/td>\n\n<td class=\"kb-table-data kb-table-data10019_18449c-48\">\n\n<p style=\"font-size:18px\">Bei Bestellungen \u00fcber 75 \u20ac<\/p>\n\n<\/td>\n<\/tr>\n<\/table><\/div>\n\n<style>.wp-block-kadence-advancedheading.kt-adv-heading10019_59e9c3-7c, .wp-block-kadence-advancedheading.kt-adv-heading10019_59e9c3-7c[data-kb-block=\"kb-adv-heading10019_59e9c3-7c\"]{padding-top:var(--global-kb-spacing-xs, 1rem);padding-right:0px;padding-bottom:var(--global-kb-spacing-xs, 1rem);padding-left:0px;margin-top:var(--global-kb-spacing-xs, 1rem);margin-bottom:var(--global-kb-spacing-xxs, 0.5rem);font-size:18px;font-style:normal;}.wp-block-kadence-advancedheading.kt-adv-heading10019_59e9c3-7c mark.kt-highlight, .wp-block-kadence-advancedheading.kt-adv-heading10019_59e9c3-7c[data-kb-block=\"kb-adv-heading10019_59e9c3-7c\"] mark.kt-highlight{font-style:normal;color:#f76a0c;-webkit-box-decoration-break:clone;box-decoration-break:clone;padding-top:0px;padding-right:0px;padding-bottom:0px;padding-left:0px;}.wp-block-kadence-advancedheading.kt-adv-heading10019_59e9c3-7c img.kb-inline-image, .wp-block-kadence-advancedheading.kt-adv-heading10019_59e9c3-7c[data-kb-block=\"kb-adv-heading10019_59e9c3-7c\"] img.kb-inline-image{width:150px;vertical-align:baseline;}@media all and (max-width: 1024px){.wp-block-kadence-advancedheading.kt-adv-heading10019_59e9c3-7c, .wp-block-kadence-advancedheading.kt-adv-heading10019_59e9c3-7c[data-kb-block=\"kb-adv-heading10019_59e9c3-7c\"]{margin-top:var(--global-kb-spacing-xs, 1rem);margin-bottom:var(--global-kb-spacing-xs, 1rem);font-size:16px;}}@media all and (max-width: 767px){.wp-block-kadence-advancedheading.kt-adv-heading10019_59e9c3-7c, .wp-block-kadence-advancedheading.kt-adv-heading10019_59e9c3-7c[data-kb-block=\"kb-adv-heading10019_59e9c3-7c\"]{padding-right:var(--global-kb-spacing-xxs, 0.5rem);padding-left:0px;margin-bottom:0px;font-size:15px;}}<\/style>\n<p class=\"kt-adv-heading10019_59e9c3-7c wp-block-kadence-advancedheading\" data-kb-block=\"kb-adv-heading10019_59e9c3-7c\">Bestellungen, die vor 10 Uhr eingehen, werden am selben Werktag versendet.<br>W\u00e4hrend des Ausverkaufs oder der Feiertage kann es zu l\u00e4ngeren Lieferzeiten kommen.<br>Vielen Dank, dass Sie sich f\u00fcr uns entschieden haben.<\/p>\n\n\n<style>.wp-block-kadence-advancedheading.kt-adv-heading10019_9cbafc-10, .wp-block-kadence-advancedheading.kt-adv-heading10019_9cbafc-10[data-kb-block=\"kb-adv-heading10019_9cbafc-10\"]{font-size:18px;font-style:normal;}.wp-block-kadence-advancedheading.kt-adv-heading10019_9cbafc-10 mark.kt-highlight, .wp-block-kadence-advancedheading.kt-adv-heading10019_9cbafc-10[data-kb-block=\"kb-adv-heading10019_9cbafc-10\"] mark.kt-highlight{font-style:normal;color:#f76a0c;-webkit-box-decoration-break:clone;box-decoration-break:clone;padding-top:0px;padding-right:0px;padding-bottom:0px;padding-left:0px;}.wp-block-kadence-advancedheading.kt-adv-heading10019_9cbafc-10 img.kb-inline-image, .wp-block-kadence-advancedheading.kt-adv-heading10019_9cbafc-10[data-kb-block=\"kb-adv-heading10019_9cbafc-10\"] img.kb-inline-image{width:150px;vertical-align:baseline;}@media all and (max-width: 1024px){.wp-block-kadence-advancedheading.kt-adv-heading10019_9cbafc-10, .wp-block-kadence-advancedheading.kt-adv-heading10019_9cbafc-10[data-kb-block=\"kb-adv-heading10019_9cbafc-10\"]{margin-bottom:var(--global-kb-spacing-md, 2rem);font-size:16px;}}@media all and (max-width: 767px){.wp-block-kadence-advancedheading.kt-adv-heading10019_9cbafc-10, .wp-block-kadence-advancedheading.kt-adv-heading10019_9cbafc-10[data-kb-block=\"kb-adv-heading10019_9cbafc-10\"]{margin-bottom:var(--global-kb-spacing-lg, 3rem);font-size:15px;}}<\/style>\n<p class=\"kt-adv-heading10019_9cbafc-10 wp-block-kadence-advancedheading\" data-kb-block=\"kb-adv-heading10019_9cbafc-10\">*\u00d6sterreich, Belgien, Bulgarien, Zypern, Tschechien, D\u00e4nemark, Estland, Finnland, Frankreich, Deutschland, Griechenland, Ungarn, Irland, Italien, Lettland, Litauen, Luxemburg, Malta, Niederlande, Polen, Portugal, Rum\u00e4nien, Slowakei, Slowenien, Spanien, Schweden<\/p>\n<\/div><\/div>\n\n<\/div><\/div>\n\n\n<p><\/p>\n","protected":false},"excerpt":{"rendered":"<p>Bestellungen, die vor 10 Uhr eingehen, werden am selben Werktag versendet.W\u00e4hrend des Ausverkaufs oder der Feiertage kann es zu l\u00e4ngeren Lieferzeiten kommen.Vielen Dank, dass Sie sich f\u00fcr uns entschieden haben. *\u00d6sterreich, Belgien, Bulgarien, Zypern, Tschechien, D\u00e4nemark, Estland, Finnland, Frankreich, Deutschland, Griechenland, Ungarn, Irland, Italien, Lettland, Litauen, Luxemburg, Malta, Niederlande, Polen, Portugal, Rum\u00e4nien, Slowakei, Slowenien, Spanien,&#8230;<\/p>\n","protected":false},"author":2,"featured_media":0,"parent":0,"menu_order":0,"comment_status":"closed","ping_status":"closed","template":"","meta":{"_kad_blocks_custom_css":"","_kad_blocks_head_custom_js":"","_kad_blocks_body_custom_js":"","_kad_blocks_footer_custom_js":"","_kadence_starter_templates_imported_post":false,"_kad_post_transparent":"disable","_kad_post_title":"show","_kad_post_layout":"normal","_kad_post_sidebar_id":"","_kad_post_content_style":"unboxed","_kad_post_vertical_padding":"show","_kad_post_feature":"","_kad_post_feature_position":"","_kad_post_header":false,"_kad_post_footer":false,"_kad_post_classname":"","iawp_total_views":6,"footnotes":""},"class_list":["post-10019","page","type-page","status-publish","hentry"],"taxonomy_info":[],"featured_image_src_large":false,"author_info":{"display_name":"Viktoria","author_link":"https:\/\/www.lantestina.com\/de\/author\/viktoria\/"},"comment_info":0,"_links":{"self":[{"href":"https:\/\/www.lantestina.com\/de\/wp-json\/wp\/v2\/pages\/10019","targetHints":{"allow":["GET"]}}],"collection":[{"href":"https:\/\/www.lantestina.com\/de\/wp-json\/wp\/v2\/pages"}],"about":[{"href":"https:\/\/www.lantestina.com\/de\/wp-json\/wp\/v2\/types\/page"}],"author":[{"embeddable":true,"href":"https:\/\/www.lantestina.com\/de\/wp-json\/wp\/v2\/users\/2"}],"replies":[{"embeddable":true,"href":"https:\/\/www.lantestina.com\/de\/wp-json\/wp\/v2\/comments?post=10019"}],"version-history":[{"count":0,"href":"https:\/\/www.lantestina.com\/de\/wp-json\/wp\/v2\/pages\/10019\/revisions"}],"wp:attachment":[{"href":"https:\/\/www.lantestina.com\/de\/wp-json\/wp\/v2\/media?parent=10019"}],"curies":[{"name":"wp","href":"https:\/\/api.w.org\/{rel}","templated":true}]}}